{"id":50734,"date":"2025-07-20T18:21:36","date_gmt":"2025-07-20T16:21:36","guid":{"rendered":"https:\/\/casacumbia.com\/product\/ecumoire-walnut\/"},"modified":"2025-09-21T15:16:44","modified_gmt":"2025-09-21T13:16:44","slug":"ecumoire-walnut","status":"publish","type":"product","link":"https:\/\/casacumbia.com\/en\/produit\/ecumoire-walnut\/","title":{"rendered":"\u00c9cumoire WALNUT"},"content":{"rendered":"<p>La collection WALNUT se distingue par l&#8217;utilisation du bois de noyer, reconnu pour sa r\u00e9sistance et son \u00e9l\u00e9gance. Des pi\u00e8ces fonctionnelles et sophistiqu\u00e9es qui apportent chaleur et authenticit\u00e9 \u00e0 l&#8217;espace culinaire, alliant tradition et design contemporain. <\/p>\n","protected":false},"excerpt":{"rendered":"<p>La collection WALNUT se distingue par l&#8217;utilisation du bois de noyer, reconnu pour sa r\u00e9sistance et son \u00e9l\u00e9gance. Des pi\u00e8ces<\/p>\n","protected":false},"featured_media":33989,"comment_status":"closed","ping_status":"closed","template":"","meta":[],"product_brand":[],"product_cat":[204,134,254],"product_tag":[181,176,166],"class_list":{"0":"post-50734","1":"product","2":"type-product","3":"status-publish","4":"has-post-thumbnail","6":"product_cat-promotions-2","7":"product_cat-promotions","8":"product_cat-ustensilescuisine","9":"product_tag-integre-pim","10":"product_tag-petites-dimensions","11":"product_tag-produits-en-ligne","13":"first","14":"instock","15":"sale","16":"shipping-taxable","17":"purchasable","18":"product-type-simple"},"_links":{"self":[{"href":"https:\/\/casacumbia.com\/en\/wp-json\/wp\/v2\/product\/50734","targetHints":{"allow":["GET"]}}],"collection":[{"href":"https:\/\/casacumbia.com\/en\/wp-json\/wp\/v2\/product"}],"about":[{"href":"https:\/\/casacumbia.com\/en\/wp-json\/wp\/v2\/types\/product"}],"replies":[{"embeddable":true,"href":"https:\/\/casacumbia.com\/en\/wp-json\/wp\/v2\/comments?post=50734"}],"version-history":[{"count":1,"href":"https:\/\/casacumbia.com\/en\/wp-json\/wp\/v2\/product\/50734\/revisions"}],"predecessor-version":[{"id":52394,"href":"https:\/\/casacumbia.com\/en\/wp-json\/wp\/v2\/product\/50734\/revisions\/52394"}],"wp:featuredmedia":[{"embeddable":true,"href":"https:\/\/casacumbia.com\/en\/wp-json\/wp\/v2\/media\/33989"}],"wp:attachment":[{"href":"https:\/\/casacumbia.com\/en\/wp-json\/wp\/v2\/media?parent=50734"}],"wp:term":[{"taxonomy":"product_brand","embeddable":true,"href":"https:\/\/casacumbia.com\/en\/wp-json\/wp\/v2\/product_brand?post=50734"},{"taxonomy":"product_cat","embeddable":true,"href":"https:\/\/casacumbia.com\/en\/wp-json\/wp\/v2\/product_cat?post=50734"},{"taxonomy":"product_tag","embeddable":true,"href":"https:\/\/casacumbia.com\/en\/wp-json\/wp\/v2\/product_tag?post=50734"}],"curies":[{"name":"wp","href":"https:\/\/api.w.org\/{rel}","templated":true}]}}