{"id":50721,"date":"2025-07-20T18:21:50","date_gmt":"2025-07-20T16:21:50","guid":{"rendered":"https:\/\/casacumbia.com\/product\/canape-moore-avec-grand-tiroir-couleur-brique\/"},"modified":"2025-09-21T15:16:40","modified_gmt":"2025-09-21T13:16:40","slug":"canape-moore-avec-grand-tiroir-couleur-brique","status":"publish","type":"product","link":"https:\/\/casacumbia.com\/en\/produit\/canape-moore-avec-grand-tiroir-couleur-brique\/","title":{"rendered":"Canap\u00e9 avec tiroir brique MOORE"},"content":{"rendered":"<p>Le canap\u00e9 MOORE 3 places pr\u00e9sente un aspect simple mais d\u00e9taill\u00e9.<\/p>\n<p>Son design volumineux combin\u00e9 \u00e0 son confort sup\u00e9rieur font de ce produit une pi\u00e8ce exceptionnelle avec une touche de style moderne.<br \/>Les lignes minimalistes offrent un aspect d\u00e9contract\u00e9 et accueillant qui vous invitera \u00e0 vous d\u00e9tendre avec un confort extraordinaire &#8211; il sera l&#8217;\u00e9l\u00e9ment cl\u00e9 de votre salon.<\/p>\n<p>Gr\u00e2ce \u00e0 ses assises extra larges accompagn\u00e9es d&#8217;un accoudoir en mousse moelleuse, ce canap\u00e9 vous procure la sensation satisfaisante de vous blottir en regardant vos programmes favoris. Le tiroir dissimul\u00e9 sous l&#8217;assise vous permet de ranger des couvertures ou m\u00eame des coussins. <\/p>\n","protected":false},"excerpt":{"rendered":"<p>Le canap\u00e9 MOORE 3 places pr\u00e9sente un aspect simple mais d\u00e9taill\u00e9. Son design volumineux combin\u00e9 \u00e0 son confort sup\u00e9rieur font<\/p>\n","protected":false},"featured_media":34029,"comment_status":"closed","ping_status":"closed","template":"","meta":[],"product_brand":[],"product_cat":[184,246,204],"product_tag":[173,181,166,195],"class_list":{"0":"post-50721","1":"product","2":"type-product","3":"status-publish","4":"has-post-thumbnail","6":"product_cat-sofas-2","7":"product_cat-canapes","8":"product_cat-promotions-2","9":"product_tag-grandes-dimensions","10":"product_tag-integre-pim","11":"product_tag-produits-en-ligne","12":"product_tag-store_default-fr","14":"first","15":"instock","16":"sale","17":"shipping-taxable","18":"purchasable","19":"product-type-simple"},"_links":{"self":[{"href":"https:\/\/casacumbia.com\/en\/wp-json\/wp\/v2\/product\/50721","targetHints":{"allow":["GET"]}}],"collection":[{"href":"https:\/\/casacumbia.com\/en\/wp-json\/wp\/v2\/product"}],"about":[{"href":"https:\/\/casacumbia.com\/en\/wp-json\/wp\/v2\/types\/product"}],"replies":[{"embeddable":true,"href":"https:\/\/casacumbia.com\/en\/wp-json\/wp\/v2\/comments?post=50721"}],"version-history":[{"count":1,"href":"https:\/\/casacumbia.com\/en\/wp-json\/wp\/v2\/product\/50721\/revisions"}],"predecessor-version":[{"id":52515,"href":"https:\/\/casacumbia.com\/en\/wp-json\/wp\/v2\/product\/50721\/revisions\/52515"}],"wp:featuredmedia":[{"embeddable":true,"href":"https:\/\/casacumbia.com\/en\/wp-json\/wp\/v2\/media\/34029"}],"wp:attachment":[{"href":"https:\/\/casacumbia.com\/en\/wp-json\/wp\/v2\/media?parent=50721"}],"wp:term":[{"taxonomy":"product_brand","embeddable":true,"href":"https:\/\/casacumbia.com\/en\/wp-json\/wp\/v2\/product_brand?post=50721"},{"taxonomy":"product_cat","embeddable":true,"href":"https:\/\/casacumbia.com\/en\/wp-json\/wp\/v2\/product_cat?post=50721"},{"taxonomy":"product_tag","embeddable":true,"href":"https:\/\/casacumbia.com\/en\/wp-json\/wp\/v2\/product_tag?post=50721"}],"curies":[{"name":"wp","href":"https:\/\/api.w.org\/{rel}","templated":true}]}}