{"id":50718,"date":"2025-07-20T18:21:50","date_gmt":"2025-07-20T16:21:50","guid":{"rendered":"https:\/\/casacumbia.com\/product\/canape-moore-beige-avec-grand-tiroir\/"},"modified":"2025-09-21T15:16:39","modified_gmt":"2025-09-21T13:16:39","slug":"canape-moore-beige-avec-grand-tiroir","status":"publish","type":"product","link":"https:\/\/casacumbia.com\/en\/produit\/canape-moore-beige-avec-grand-tiroir\/","title":{"rendered":"Canap\u00e9 avec tiroir beige MOORE"},"content":{"rendered":"<p>Le canap\u00e9 MOORE 3 places pr\u00e9sente un aspect simple mais d\u00e9taill\u00e9.<\/p>\n<p>Son design volumineux combin\u00e9 \u00e0 son confort sup\u00e9rieur font de ce produit une pi\u00e8ce exceptionnelle avec une touche de style moderne.<\/p>\n<p>Les lignes minimalistes offrent un aspect d\u00e9contract\u00e9 et accueillant qui vous invitera \u00e0 vous d\u00e9tendre dans un confort extraordinaire &#8211; il sera l&#8217;\u00e9l\u00e9ment cl\u00e9 de votre salon.<\/p>\n<p>Gr\u00e2ce \u00e0 ses assises extra larges accompagn\u00e9es d&#8217;un accoudoir en mousse moelleuse, ce canap\u00e9 vous procure la sensation satisfaisante de vous blottir en regardant vos programmes favoris. Le tiroir dissimul\u00e9 sous l&#8217;assise vous permet de ranger des couvertures ou m\u00eame des coussins.<\/p>\n","protected":false},"excerpt":{"rendered":"<p>Le canap\u00e9 MOORE 3 places pr\u00e9sente un aspect simple mais d\u00e9taill\u00e9. Son design volumineux combin\u00e9 \u00e0 son confort sup\u00e9rieur font<\/p>\n","protected":false},"featured_media":34039,"comment_status":"closed","ping_status":"closed","template":"elementor_header_footer","meta":[],"product_brand":[],"product_cat":[184,246,204],"product_tag":[173,181,166],"class_list":{"0":"post-50718","1":"product","2":"type-product","3":"status-publish","4":"has-post-thumbnail","6":"product_cat-sofas-2","7":"product_cat-canapes","8":"product_cat-promotions-2","9":"product_tag-grandes-dimensions","10":"product_tag-integre-pim","11":"product_tag-produits-en-ligne","13":"first","14":"instock","15":"sale","16":"shipping-taxable","17":"purchasable","18":"product-type-simple"},"_links":{"self":[{"href":"https:\/\/casacumbia.com\/en\/wp-json\/wp\/v2\/product\/50718","targetHints":{"allow":["GET"]}}],"collection":[{"href":"https:\/\/casacumbia.com\/en\/wp-json\/wp\/v2\/product"}],"about":[{"href":"https:\/\/casacumbia.com\/en\/wp-json\/wp\/v2\/types\/product"}],"replies":[{"embeddable":true,"href":"https:\/\/casacumbia.com\/en\/wp-json\/wp\/v2\/comments?post=50718"}],"version-history":[{"count":2,"href":"https:\/\/casacumbia.com\/en\/wp-json\/wp\/v2\/product\/50718\/revisions"}],"predecessor-version":[{"id":54700,"href":"https:\/\/casacumbia.com\/en\/wp-json\/wp\/v2\/product\/50718\/revisions\/54700"}],"wp:featuredmedia":[{"embeddable":true,"href":"https:\/\/casacumbia.com\/en\/wp-json\/wp\/v2\/media\/34039"}],"wp:attachment":[{"href":"https:\/\/casacumbia.com\/en\/wp-json\/wp\/v2\/media?parent=50718"}],"wp:term":[{"taxonomy":"product_brand","embeddable":true,"href":"https:\/\/casacumbia.com\/en\/wp-json\/wp\/v2\/product_brand?post=50718"},{"taxonomy":"product_cat","embeddable":true,"href":"https:\/\/casacumbia.com\/en\/wp-json\/wp\/v2\/product_cat?post=50718"},{"taxonomy":"product_tag","embeddable":true,"href":"https:\/\/casacumbia.com\/en\/wp-json\/wp\/v2\/product_tag?post=50718"}],"curies":[{"name":"wp","href":"https:\/\/api.w.org\/{rel}","templated":true}]}}