{"id":50715,"date":"2025-07-20T18:21:51","date_gmt":"2025-07-20T16:21:51","guid":{"rendered":"https:\/\/casacumbia.com\/product\/housse-de-coussin-en-velours-avec-perles-grises-new-bright\/"},"modified":"2025-09-21T15:16:38","modified_gmt":"2025-09-21T13:16:38","slug":"housse-de-coussin-en-velours-avec-perles-grises-new-bright","status":"publish","type":"product","link":"https:\/\/casacumbia.com\/en\/produit\/housse-de-coussin-en-velours-avec-perles-grises-new-bright\/","title":{"rendered":"Housse de Coussin Velours avec Perles Grise NEW BRIGHT"},"content":{"rendered":"<p>Compl\u00e9tez la d\u00e9coration de votre int\u00e9rieur avec la housse de coussin en velours de la collection NEW BRIGHT. Avec une taille de 45x45cm, cette pi\u00e8ce combine la douceur du velours avec de d\u00e9licats d\u00e9tails en perles, apportant un charme sophistiqu\u00e9 et \u00e9l\u00e9gant pour canap\u00e9s, lits ou fauteuils. Id\u00e9ale pour ceux qui cherchent \u00e0 ajouter une touche de raffinement et de personnalit\u00e9 \u00e0 la d\u00e9coration  <\/p>\n","protected":false},"excerpt":{"rendered":"<p>Compl\u00e9tez la d\u00e9coration de votre int\u00e9rieur avec la housse de coussin en velours de la collection NEW BRIGHT. Avec une<\/p>\n","protected":false},"featured_media":34061,"comment_status":"closed","ping_status":"closed","template":"","meta":[],"product_brand":[],"product_cat":[238],"product_tag":[202,181,176,166],"class_list":{"0":"post-50715","1":"product","2":"type-product","3":"status-publish","4":"has-post-thumbnail","6":"product_cat-coussins","7":"product_tag-bienvenue","8":"product_tag-integre-pim","9":"product_tag-petites-dimensions","10":"product_tag-produits-en-ligne","12":"first","13":"instock","14":"shipping-taxable","15":"purchasable","16":"product-type-simple"},"_links":{"self":[{"href":"https:\/\/casacumbia.com\/en\/wp-json\/wp\/v2\/product\/50715","targetHints":{"allow":["GET"]}}],"collection":[{"href":"https:\/\/casacumbia.com\/en\/wp-json\/wp\/v2\/product"}],"about":[{"href":"https:\/\/casacumbia.com\/en\/wp-json\/wp\/v2\/types\/product"}],"replies":[{"embeddable":true,"href":"https:\/\/casacumbia.com\/en\/wp-json\/wp\/v2\/comments?post=50715"}],"version-history":[{"count":1,"href":"https:\/\/casacumbia.com\/en\/wp-json\/wp\/v2\/product\/50715\/revisions"}],"predecessor-version":[{"id":52525,"href":"https:\/\/casacumbia.com\/en\/wp-json\/wp\/v2\/product\/50715\/revisions\/52525"}],"wp:featuredmedia":[{"embeddable":true,"href":"https:\/\/casacumbia.com\/en\/wp-json\/wp\/v2\/media\/34061"}],"wp:attachment":[{"href":"https:\/\/casacumbia.com\/en\/wp-json\/wp\/v2\/media?parent=50715"}],"wp:term":[{"taxonomy":"product_brand","embeddable":true,"href":"https:\/\/casacumbia.com\/en\/wp-json\/wp\/v2\/product_brand?post=50715"},{"taxonomy":"product_cat","embeddable":true,"href":"https:\/\/casacumbia.com\/en\/wp-json\/wp\/v2\/product_cat?post=50715"},{"taxonomy":"product_tag","embeddable":true,"href":"https:\/\/casacumbia.com\/en\/wp-json\/wp\/v2\/product_tag?post=50715"}],"curies":[{"name":"wp","href":"https:\/\/api.w.org\/{rel}","templated":true}]}}