{"id":50712,"date":"2025-07-20T18:21:51","date_gmt":"2025-07-20T16:21:51","guid":{"rendered":"https:\/\/casacumbia.com\/product\/journal-avec-chat-couverture-rigide-a5-ici-tient-le-monde\/"},"modified":"2025-09-21T15:16:38","modified_gmt":"2025-09-21T13:16:38","slug":"journal-avec-chat-couverture-rigide-a5-ici-tient-le-monde","status":"publish","type":"product","link":"https:\/\/casacumbia.com\/en\/produit\/journal-avec-chat-couverture-rigide-a5-ici-tient-le-monde\/","title":{"rendered":"Carnet Journal avec Chat Couverture Rigide A5 ICI TIENT LE MONDE"},"content":{"rendered":"<p>Ce carnet de journaling na\u00eet d&#8217;une collaboration sp\u00e9ciale entre le casacumbia et l&#8217;APSA &#8211; Association Portugaise du Syndrome d&#8217;Asperger. Cr\u00e9\u00e9 dans le but de sensibiliser \u00e0 l&#8217;importance de soutenir les personnes atteintes du Syndrome d&#8217;Asperger, un Trouble du Spectre de l&#8217;Autisme, ce carnet souligne \u00e9galement le besoin urgent de prendre soin de notre sant\u00e9 mentale. <br \/>Les illustrations des chats pr\u00e9sentes dans ce carnet ont \u00e9t\u00e9 r\u00e9alis\u00e9es par les jeunes qui fr\u00e9quentent l&#8217;Atelier d&#8217;Expression Plastique de l&#8217;APSA, apportant une dimension artistique et unique au projet, qui refl\u00e8te le talent et la cr\u00e9ativit\u00e9 de ces personnes.<br \/>Carnet divis\u00e9 en deux chapitres : JOURNAL DE 5 MINUTES + PAGES D&#8217;AUTOD\u00c9COUVERTE.<br \/>JOURNAL DE 5 MINUTES :<br \/>&#8211; Questions pour faire le bilan quotidien choses \u00e0 remercier, autonomisation, choses positives, choses \u00e0 changer.<br \/>PAGES D&#8217;AUTOD\u00c9COUVERTE :<br \/>&#8211; Pages pointill\u00e9es pour \u00e9criture libre.<\/p>\n","protected":false},"excerpt":{"rendered":"<p>Ce carnet de journaling na\u00eet d&#8217;une collaboration sp\u00e9ciale entre le casacumbia et l&#8217;APSA &#8211; Association Portugaise du Syndrome d&#8217;Asperger. Cr\u00e9\u00e9<\/p>\n","protected":false},"featured_media":34053,"comment_status":"closed","ping_status":"closed","template":"","meta":[],"product_brand":[],"product_cat":[266],"product_tag":[181,176,166],"class_list":{"0":"post-50712","1":"product","2":"type-product","3":"status-publish","4":"has-post-thumbnail","6":"product_cat-poubelle","7":"product_tag-integre-pim","8":"product_tag-petites-dimensions","9":"product_tag-produits-en-ligne","11":"first","12":"instock","13":"shipping-taxable","14":"purchasable","15":"product-type-simple"},"_links":{"self":[{"href":"https:\/\/casacumbia.com\/en\/wp-json\/wp\/v2\/product\/50712","targetHints":{"allow":["GET"]}}],"collection":[{"href":"https:\/\/casacumbia.com\/en\/wp-json\/wp\/v2\/product"}],"about":[{"href":"https:\/\/casacumbia.com\/en\/wp-json\/wp\/v2\/types\/product"}],"replies":[{"embeddable":true,"href":"https:\/\/casacumbia.com\/en\/wp-json\/wp\/v2\/comments?post=50712"}],"version-history":[{"count":2,"href":"https:\/\/casacumbia.com\/en\/wp-json\/wp\/v2\/product\/50712\/revisions"}],"predecessor-version":[{"id":54173,"href":"https:\/\/casacumbia.com\/en\/wp-json\/wp\/v2\/product\/50712\/revisions\/54173"}],"wp:featuredmedia":[{"embeddable":true,"href":"https:\/\/casacumbia.com\/en\/wp-json\/wp\/v2\/media\/34053"}],"wp:attachment":[{"href":"https:\/\/casacumbia.com\/en\/wp-json\/wp\/v2\/media?parent=50712"}],"wp:term":[{"taxonomy":"product_brand","embeddable":true,"href":"https:\/\/casacumbia.com\/en\/wp-json\/wp\/v2\/product_brand?post=50712"},{"taxonomy":"product_cat","embeddable":true,"href":"https:\/\/casacumbia.com\/en\/wp-json\/wp\/v2\/product_cat?post=50712"},{"taxonomy":"product_tag","embeddable":true,"href":"https:\/\/casacumbia.com\/en\/wp-json\/wp\/v2\/product_tag?post=50712"}],"curies":[{"name":"wp","href":"https:\/\/api.w.org\/{rel}","templated":true}]}}