{"id":50706,"date":"2025-07-20T18:20:00","date_gmt":"2025-07-20T16:20:00","guid":{"rendered":"https:\/\/casacumbia.com\/product\/nappe-carree-jacquard-motif-feuilles-perle-whisper\/"},"modified":"2025-09-21T15:16:37","modified_gmt":"2025-09-21T13:16:37","slug":"nappe-carree-jacquard-motif-feuilles-perle-whisper","status":"publish","type":"product","link":"https:\/\/casacumbia.com\/en\/produit\/nappe-carree-jacquard-motif-feuilles-perle-whisper\/","title":{"rendered":"Nappe Carr\u00e9e Jacquard Feuilles Perle WHISPER"},"content":{"rendered":"<p>La collection \u00ab Whisper \u00bb allie \u00e9l\u00e9gance subtile et polyvalence. Avec des motifs discrets dans des tons doux, chaque pi\u00e8ce ajoute une touche de sophistication \u00e0 la table, sans perdre sa simplicit\u00e9. Palette de couleurs : tons doux et neutres, comme le bleu clair et le blanc nacr\u00e9, qui expriment la s\u00e9r\u00e9nit\u00e9 de l&#8217;aube et du cr\u00e9puscule. Et le bordeaux qui \u00e9voque la sophistication. Motifs : motifs d\u00e9licats et \u00e9l\u00e9gants qui rappellent les feuilles en mouvement. Textures : Tissu l\u00e9ger et fluide qui offre \u00e9l\u00e9gance et raffinement. Chaque produit de cette collection est confectionn\u00e9 avec la technique de l&#8217;ourlet anglais et produit en association de mat\u00e9riaux ; ce qui procure un toucher doux et moelleux gr\u00e2ce au coton, tout en ajoutant durabilit\u00e9 et r\u00e9sistance gr\u00e2ce au polyester. Une Collection avec une production 100 % nationale.<\/p>\n","protected":false},"excerpt":{"rendered":"<p>La collection \u00ab Whisper \u00bb allie \u00e9l\u00e9gance subtile et polyvalence. Avec des motifs discrets dans des tons doux, chaque pi\u00e8ce<\/p>\n","protected":false},"featured_media":32598,"comment_status":"closed","ping_status":"closed","template":"","meta":[],"product_brand":[],"product_cat":[259],"product_tag":[181,176,166],"class_list":{"0":"post-50706","1":"product","2":"type-product","3":"status-publish","4":"has-post-thumbnail","6":"product_cat-lingetable","7":"product_tag-integre-pim","8":"product_tag-petites-dimensions","9":"product_tag-produits-en-ligne","11":"first","12":"instock","13":"shipping-taxable","14":"purchasable","15":"product-type-simple"},"_links":{"self":[{"href":"https:\/\/casacumbia.com\/en\/wp-json\/wp\/v2\/product\/50706","targetHints":{"allow":["GET"]}}],"collection":[{"href":"https:\/\/casacumbia.com\/en\/wp-json\/wp\/v2\/product"}],"about":[{"href":"https:\/\/casacumbia.com\/en\/wp-json\/wp\/v2\/types\/product"}],"replies":[{"embeddable":true,"href":"https:\/\/casacumbia.com\/en\/wp-json\/wp\/v2\/comments?post=50706"}],"version-history":[{"count":2,"href":"https:\/\/casacumbia.com\/en\/wp-json\/wp\/v2\/product\/50706\/revisions"}],"predecessor-version":[{"id":54406,"href":"https:\/\/casacumbia.com\/en\/wp-json\/wp\/v2\/product\/50706\/revisions\/54406"}],"wp:featuredmedia":[{"embeddable":true,"href":"https:\/\/casacumbia.com\/en\/wp-json\/wp\/v2\/media\/32598"}],"wp:attachment":[{"href":"https:\/\/casacumbia.com\/en\/wp-json\/wp\/v2\/media?parent=50706"}],"wp:term":[{"taxonomy":"product_brand","embeddable":true,"href":"https:\/\/casacumbia.com\/en\/wp-json\/wp\/v2\/product_brand?post=50706"},{"taxonomy":"product_cat","embeddable":true,"href":"https:\/\/casacumbia.com\/en\/wp-json\/wp\/v2\/product_cat?post=50706"},{"taxonomy":"product_tag","embeddable":true,"href":"https:\/\/casacumbia.com\/en\/wp-json\/wp\/v2\/product_tag?post=50706"}],"curies":[{"name":"wp","href":"https:\/\/api.w.org\/{rel}","templated":true}]}}