{"id":50705,"date":"2025-07-20T18:20:01","date_gmt":"2025-07-20T16:20:01","guid":{"rendered":"https:\/\/casacumbia.com\/product\/bougie-parfumee-dans-un-verre-precious-wood-sweet-romance\/"},"modified":"2025-09-21T15:16:37","modified_gmt":"2025-09-21T13:16:37","slug":"bougie-parfumee-dans-un-verre-precious-wood-sweet-romance","status":"publish","type":"product","link":"https:\/\/casacumbia.com\/en\/produit\/bougie-parfumee-dans-un-verre-precious-wood-sweet-romance\/","title":{"rendered":"Bougie Parfum\u00e9e en Verre Precious Wood SWEET ROMANCE"},"content":{"rendered":"<p>Bougie Parfum\u00e9e en Verre Precious Wood SWEET ROMANCE. Une pi\u00e8ce essentielle de casacumbia, parfaite pour apporter une touche de style et de confort \u00e0 votre espace avec originalit\u00e9 et charme. <\/p>\n","protected":false},"excerpt":{"rendered":"<p>Bougie Parfum\u00e9e en Verre Precious Wood SWEET ROMANCE. Une pi\u00e8ce essentielle de casacumbia, parfaite pour apporter une touche de style<\/p>\n","protected":false},"featured_media":32627,"comment_status":"closed","ping_status":"closed","template":"","meta":[],"product_brand":[],"product_cat":[264],"product_tag":[181,176,166],"class_list":{"0":"post-50705","1":"product","2":"type-product","3":"status-publish","4":"has-post-thumbnail","6":"product_cat-bougies","7":"product_tag-integre-pim","8":"product_tag-petites-dimensions","9":"product_tag-produits-en-ligne","11":"first","12":"instock","13":"shipping-taxable","14":"purchasable","15":"product-type-simple"},"_links":{"self":[{"href":"https:\/\/casacumbia.com\/en\/wp-json\/wp\/v2\/product\/50705","targetHints":{"allow":["GET"]}}],"collection":[{"href":"https:\/\/casacumbia.com\/en\/wp-json\/wp\/v2\/product"}],"about":[{"href":"https:\/\/casacumbia.com\/en\/wp-json\/wp\/v2\/types\/product"}],"replies":[{"embeddable":true,"href":"https:\/\/casacumbia.com\/en\/wp-json\/wp\/v2\/comments?post=50705"}],"version-history":[{"count":2,"href":"https:\/\/casacumbia.com\/en\/wp-json\/wp\/v2\/product\/50705\/revisions"}],"predecessor-version":[{"id":54168,"href":"https:\/\/casacumbia.com\/en\/wp-json\/wp\/v2\/product\/50705\/revisions\/54168"}],"wp:featuredmedia":[{"embeddable":true,"href":"https:\/\/casacumbia.com\/en\/wp-json\/wp\/v2\/media\/32627"}],"wp:attachment":[{"href":"https:\/\/casacumbia.com\/en\/wp-json\/wp\/v2\/media?parent=50705"}],"wp:term":[{"taxonomy":"product_brand","embeddable":true,"href":"https:\/\/casacumbia.com\/en\/wp-json\/wp\/v2\/product_brand?post=50705"},{"taxonomy":"product_cat","embeddable":true,"href":"https:\/\/casacumbia.com\/en\/wp-json\/wp\/v2\/product_cat?post=50705"},{"taxonomy":"product_tag","embeddable":true,"href":"https:\/\/casacumbia.com\/en\/wp-json\/wp\/v2\/product_tag?post=50705"}],"curies":[{"name":"wp","href":"https:\/\/api.w.org\/{rel}","templated":true}]}}