{"id":50702,"date":"2025-07-20T18:20:01","date_gmt":"2025-07-20T16:20:01","guid":{"rendered":"https:\/\/casacumbia.com\/product\/couverture-a-carreaux-avec-poils-verts-et-bleus-alaska\/"},"modified":"2025-09-21T15:16:35","modified_gmt":"2025-09-21T13:16:35","slug":"couverture-a-carreaux-avec-poils-verts-et-bleus-alaska","status":"publish","type":"product","link":"https:\/\/casacumbia.com\/en\/produit\/couverture-a-carreaux-avec-poils-verts-et-bleus-alaska\/","title":{"rendered":"Plaid en Fourrure Vert et Bleu ALASKA"},"content":{"rendered":"<p><span data-sheets-root=\"1\">Collection Alaska \u2013 L&#8217;Essence du Confort Hivernal <br \/>Inspir\u00e9e par les paysages sereins et glac\u00e9s de l&#8217;Alaska, cette collection de plaids enveloppe le corps et l&#8217;\u00e2me dans une \u00e9treinte de chaleur et de douceur. Cr\u00e9\u00e9s pour les jours froids, les plaids Alaska allient des textures accueillantes \u00e0 un design minimaliste, offrant confort et \u00e9l\u00e9gance \u00e0 votre foyer. <\/span><\/p>\n","protected":false},"excerpt":{"rendered":"<p>Collection Alaska \u2013 L&#8217;Essence du Confort Hivernal Inspir\u00e9e par les paysages sereins et glac\u00e9s de l&#8217;Alaska, cette collection de plaids<\/p>\n","protected":false},"featured_media":32617,"comment_status":"closed","ping_status":"closed","template":"","meta":[],"product_brand":[],"product_cat":[182,240,204],"product_tag":[181,176,166],"class_list":{"0":"post-50702","1":"product","2":"type-product","3":"status-publish","4":"has-post-thumbnail","6":"product_cat-textiles-2","7":"product_cat-plaids","8":"product_cat-promotions-2","9":"product_tag-integre-pim","10":"product_tag-petites-dimensions","11":"product_tag-produits-en-ligne","13":"first","14":"instock","15":"sale","16":"shipping-taxable","17":"purchasable","18":"product-type-simple"},"_links":{"self":[{"href":"https:\/\/casacumbia.com\/en\/wp-json\/wp\/v2\/product\/50702","targetHints":{"allow":["GET"]}}],"collection":[{"href":"https:\/\/casacumbia.com\/en\/wp-json\/wp\/v2\/product"}],"about":[{"href":"https:\/\/casacumbia.com\/en\/wp-json\/wp\/v2\/types\/product"}],"replies":[{"embeddable":true,"href":"https:\/\/casacumbia.com\/en\/wp-json\/wp\/v2\/comments?post=50702"}],"version-history":[{"count":1,"href":"https:\/\/casacumbia.com\/en\/wp-json\/wp\/v2\/product\/50702\/revisions"}],"predecessor-version":[{"id":52545,"href":"https:\/\/casacumbia.com\/en\/wp-json\/wp\/v2\/product\/50702\/revisions\/52545"}],"wp:featuredmedia":[{"embeddable":true,"href":"https:\/\/casacumbia.com\/en\/wp-json\/wp\/v2\/media\/32617"}],"wp:attachment":[{"href":"https:\/\/casacumbia.com\/en\/wp-json\/wp\/v2\/media?parent=50702"}],"wp:term":[{"taxonomy":"product_brand","embeddable":true,"href":"https:\/\/casacumbia.com\/en\/wp-json\/wp\/v2\/product_brand?post=50702"},{"taxonomy":"product_cat","embeddable":true,"href":"https:\/\/casacumbia.com\/en\/wp-json\/wp\/v2\/product_cat?post=50702"},{"taxonomy":"product_tag","embeddable":true,"href":"https:\/\/casacumbia.com\/en\/wp-json\/wp\/v2\/product_tag?post=50702"}],"curies":[{"name":"wp","href":"https:\/\/api.w.org\/{rel}","templated":true}]}}