{"id":50699,"date":"2025-07-20T18:20:01","date_gmt":"2025-07-20T16:20:01","guid":{"rendered":"https:\/\/casacumbia.com\/product\/nappe-rectangulaire-jacquard-a-motifs-de-feuillages-jaunes-woods\/"},"modified":"2025-09-21T15:16:34","modified_gmt":"2025-09-21T13:16:34","slug":"nappe-rectangulaire-jacquard-a-motifs-de-feuillages-jaunes-woods","status":"publish","type":"product","link":"https:\/\/casacumbia.com\/en\/produit\/nappe-rectangulaire-jacquard-a-motifs-de-feuillages-jaunes-woods\/","title":{"rendered":"Nappe Rectangulaire Jacquard Motifs Floraux Jaune WOODS"},"content":{"rendered":"<p>La collection \u00ab Woods \u00bb combine les couleurs joyeuses du printemps et de l&#8217;\u00e9t\u00e9, avec l&#8217;\u00e9l\u00e9gance et la polyvalence. Une collection qui permet au client d&#8217;acheter 1 nappe, mais d&#8217;avoir la possibilit\u00e9 d&#8217;obtenir deux options, puisqu&#8217;elle est r\u00e9versible. Une collection avec une production 100 % nationale.<\/p>\n","protected":false},"excerpt":{"rendered":"<p>La collection \u00ab Woods \u00bb combine les couleurs joyeuses du printemps et de l&#8217;\u00e9t\u00e9, avec l&#8217;\u00e9l\u00e9gance et la polyvalence. Une<\/p>\n","protected":false},"featured_media":32633,"comment_status":"closed","ping_status":"closed","template":"","meta":[],"product_brand":[],"product_cat":[171,259,204,197],"product_tag":[181,176,166],"class_list":{"0":"post-50699","1":"product","2":"type-product","3":"status-publish","4":"has-post-thumbnail","6":"product_cat-table-2","7":"product_cat-lingetable","8":"product_cat-promotions-2","9":"product_cat-bath-2","10":"product_tag-integre-pim","11":"product_tag-petites-dimensions","12":"product_tag-produits-en-ligne","14":"first","15":"instock","16":"sale","17":"shipping-taxable","18":"purchasable","19":"product-type-simple"},"_links":{"self":[{"href":"https:\/\/casacumbia.com\/en\/wp-json\/wp\/v2\/product\/50699","targetHints":{"allow":["GET"]}}],"collection":[{"href":"https:\/\/casacumbia.com\/en\/wp-json\/wp\/v2\/product"}],"about":[{"href":"https:\/\/casacumbia.com\/en\/wp-json\/wp\/v2\/types\/product"}],"replies":[{"embeddable":true,"href":"https:\/\/casacumbia.com\/en\/wp-json\/wp\/v2\/comments?post=50699"}],"version-history":[{"count":2,"href":"https:\/\/casacumbia.com\/en\/wp-json\/wp\/v2\/product\/50699\/revisions"}],"predecessor-version":[{"id":54404,"href":"https:\/\/casacumbia.com\/en\/wp-json\/wp\/v2\/product\/50699\/revisions\/54404"}],"wp:featuredmedia":[{"embeddable":true,"href":"https:\/\/casacumbia.com\/en\/wp-json\/wp\/v2\/media\/32633"}],"wp:attachment":[{"href":"https:\/\/casacumbia.com\/en\/wp-json\/wp\/v2\/media?parent=50699"}],"wp:term":[{"taxonomy":"product_brand","embeddable":true,"href":"https:\/\/casacumbia.com\/en\/wp-json\/wp\/v2\/product_brand?post=50699"},{"taxonomy":"product_cat","embeddable":true,"href":"https:\/\/casacumbia.com\/en\/wp-json\/wp\/v2\/product_cat?post=50699"},{"taxonomy":"product_tag","embeddable":true,"href":"https:\/\/casacumbia.com\/en\/wp-json\/wp\/v2\/product_tag?post=50699"}],"curies":[{"name":"wp","href":"https:\/\/api.w.org\/{rel}","templated":true}]}}