{"id":50683,"date":"2025-07-20T18:20:10","date_gmt":"2025-07-20T16:20:10","guid":{"rendered":"https:\/\/casacumbia.com\/product\/couverture-en-fausse-fourrure-naturelle-alaska\/"},"modified":"2025-09-21T15:16:31","modified_gmt":"2025-09-21T13:16:31","slug":"couverture-en-fausse-fourrure-naturelle-alaska","status":"publish","type":"product","link":"https:\/\/casacumbia.com\/en\/produit\/couverture-en-fausse-fourrure-naturelle-alaska\/","title":{"rendered":"Couverture en Fausse Fourrure Naturelle ALASKA"},"content":{"rendered":"<p>Cette collection allie \u00e9l\u00e9gance et confort, apportant le luxe de la fausse fourrure dans votre int\u00e9rieur. Inspir\u00e9e par les paysages glac\u00e9s de l&#8217;Alaska, chaque pi\u00e8ce a \u00e9t\u00e9 cr\u00e9\u00e9e pour offrir confort et sophistication. La fausse fourrure est parfaite pour les journ\u00e9es d&#8217;hiver, cr\u00e9ant des moments de repos et de d\u00e9tente avec beaucoup de style.  <\/p>\n","protected":false},"excerpt":{"rendered":"<p>Cette collection allie \u00e9l\u00e9gance et confort, apportant le luxe de la fausse fourrure dans votre int\u00e9rieur. Inspir\u00e9e par les paysages<\/p>\n","protected":false},"featured_media":32687,"comment_status":"closed","ping_status":"closed","template":"","meta":[],"product_brand":[],"product_cat":[182,240,204],"product_tag":[181,176,166],"class_list":{"0":"post-50683","1":"product","2":"type-product","3":"status-publish","4":"has-post-thumbnail","6":"product_cat-textiles-2","7":"product_cat-plaids","8":"product_cat-promotions-2","9":"product_tag-integre-pim","10":"product_tag-petites-dimensions","11":"product_tag-produits-en-ligne","13":"first","14":"instock","15":"sale","16":"shipping-taxable","17":"purchasable","18":"product-type-simple"},"_links":{"self":[{"href":"https:\/\/casacumbia.com\/en\/wp-json\/wp\/v2\/product\/50683","targetHints":{"allow":["GET"]}}],"collection":[{"href":"https:\/\/casacumbia.com\/en\/wp-json\/wp\/v2\/product"}],"about":[{"href":"https:\/\/casacumbia.com\/en\/wp-json\/wp\/v2\/types\/product"}],"replies":[{"embeddable":true,"href":"https:\/\/casacumbia.com\/en\/wp-json\/wp\/v2\/comments?post=50683"}],"version-history":[{"count":1,"href":"https:\/\/casacumbia.com\/en\/wp-json\/wp\/v2\/product\/50683\/revisions"}],"predecessor-version":[{"id":52960,"href":"https:\/\/casacumbia.com\/en\/wp-json\/wp\/v2\/product\/50683\/revisions\/52960"}],"wp:featuredmedia":[{"embeddable":true,"href":"https:\/\/casacumbia.com\/en\/wp-json\/wp\/v2\/media\/32687"}],"wp:attachment":[{"href":"https:\/\/casacumbia.com\/en\/wp-json\/wp\/v2\/media?parent=50683"}],"wp:term":[{"taxonomy":"product_brand","embeddable":true,"href":"https:\/\/casacumbia.com\/en\/wp-json\/wp\/v2\/product_brand?post=50683"},{"taxonomy":"product_cat","embeddable":true,"href":"https:\/\/casacumbia.com\/en\/wp-json\/wp\/v2\/product_cat?post=50683"},{"taxonomy":"product_tag","embeddable":true,"href":"https:\/\/casacumbia.com\/en\/wp-json\/wp\/v2\/product_tag?post=50683"}],"curies":[{"name":"wp","href":"https:\/\/api.w.org\/{rel}","templated":true}]}}