{"id":50673,"date":"2025-07-20T18:20:11","date_gmt":"2025-07-20T16:20:11","guid":{"rendered":"https:\/\/casacumbia.com\/product\/diffuseur-de-parfum-feuilles-de-figuier-sweet-romance\/"},"modified":"2025-09-21T15:16:27","modified_gmt":"2025-09-21T13:16:27","slug":"diffuseur-de-parfum-feuilles-de-figuier-sweet-romance","status":"publish","type":"product","link":"https:\/\/casacumbia.com\/en\/produit\/diffuseur-de-parfum-feuilles-de-figuier-sweet-romance\/","title":{"rendered":"Diffuseur de Parfum Fig Bay Leaves SWEET ROMANCE"},"content":{"rendered":"<p>Diffuseur de Parfum Fig Bay Leaves SWEET ROMANCE. Une pi\u00e8ce essentielle de casacumbia, parfaite pour apporter une touche de style et de confort \u00e0 votre espace avec originalit\u00e9 et charme. <\/p>\n","protected":false},"excerpt":{"rendered":"<p>Diffuseur de Parfum Fig Bay Leaves SWEET ROMANCE. Une pi\u00e8ce essentielle de casacumbia, parfaite pour apporter une touche de style<\/p>\n","protected":false},"featured_media":32722,"comment_status":"closed","ping_status":"closed","template":"","meta":[],"product_brand":[],"product_cat":[264],"product_tag":[181,176,166],"class_list":{"0":"post-50673","1":"product","2":"type-product","3":"status-publish","4":"has-post-thumbnail","6":"product_cat-bougies","7":"product_tag-integre-pim","8":"product_tag-petites-dimensions","9":"product_tag-produits-en-ligne","11":"first","12":"instock","13":"shipping-taxable","14":"purchasable","15":"product-type-simple"},"_links":{"self":[{"href":"https:\/\/casacumbia.com\/en\/wp-json\/wp\/v2\/product\/50673","targetHints":{"allow":["GET"]}}],"collection":[{"href":"https:\/\/casacumbia.com\/en\/wp-json\/wp\/v2\/product"}],"about":[{"href":"https:\/\/casacumbia.com\/en\/wp-json\/wp\/v2\/types\/product"}],"replies":[{"embeddable":true,"href":"https:\/\/casacumbia.com\/en\/wp-json\/wp\/v2\/comments?post=50673"}],"version-history":[{"count":2,"href":"https:\/\/casacumbia.com\/en\/wp-json\/wp\/v2\/product\/50673\/revisions"}],"predecessor-version":[{"id":54163,"href":"https:\/\/casacumbia.com\/en\/wp-json\/wp\/v2\/product\/50673\/revisions\/54163"}],"wp:featuredmedia":[{"embeddable":true,"href":"https:\/\/casacumbia.com\/en\/wp-json\/wp\/v2\/media\/32722"}],"wp:attachment":[{"href":"https:\/\/casacumbia.com\/en\/wp-json\/wp\/v2\/media?parent=50673"}],"wp:term":[{"taxonomy":"product_brand","embeddable":true,"href":"https:\/\/casacumbia.com\/en\/wp-json\/wp\/v2\/product_brand?post=50673"},{"taxonomy":"product_cat","embeddable":true,"href":"https:\/\/casacumbia.com\/en\/wp-json\/wp\/v2\/product_cat?post=50673"},{"taxonomy":"product_tag","embeddable":true,"href":"https:\/\/casacumbia.com\/en\/wp-json\/wp\/v2\/product_tag?post=50673"}],"curies":[{"name":"wp","href":"https:\/\/api.w.org\/{rel}","templated":true}]}}