{"id":50647,"date":"2025-07-20T18:20:21","date_gmt":"2025-07-20T16:20:21","guid":{"rendered":"https:\/\/casacumbia.com\/product\/decoration-de-pere-noel-sur-lune-kitsch\/"},"modified":"2025-09-21T15:16:23","modified_gmt":"2025-09-21T13:16:23","slug":"decoration-de-pere-noel-sur-lune-kitsch","status":"publish","type":"product","link":"https:\/\/casacumbia.com\/en\/produit\/decoration-de-pere-noel-sur-lune-kitsch\/","title":{"rendered":"D\u00e9coration de p\u00e8re No\u00ebl sur lune KITSCH"},"content":{"rendered":"","protected":false},"excerpt":{"rendered":"","protected":false},"featured_media":32842,"comment_status":"closed","ping_status":"closed","template":"","meta":[],"product_brand":[],"product_cat":[276],"product_tag":[181,176,166],"class_list":{"0":"post-50647","1":"product","2":"type-product","3":"status-publish","4":"has-post-thumbnail","6":"product_cat-deconoel","7":"product_tag-integre-pim","8":"product_tag-petites-dimensions","9":"product_tag-produits-en-ligne","11":"first","12":"instock","13":"shipping-taxable","14":"purchasable","15":"product-type-simple"},"_links":{"self":[{"href":"https:\/\/casacumbia.com\/en\/wp-json\/wp\/v2\/product\/50647","targetHints":{"allow":["GET"]}}],"collection":[{"href":"https:\/\/casacumbia.com\/en\/wp-json\/wp\/v2\/product"}],"about":[{"href":"https:\/\/casacumbia.com\/en\/wp-json\/wp\/v2\/types\/product"}],"replies":[{"embeddable":true,"href":"https:\/\/casacumbia.com\/en\/wp-json\/wp\/v2\/comments?post=50647"}],"version-history":[{"count":1,"href":"https:\/\/casacumbia.com\/en\/wp-json\/wp\/v2\/product\/50647\/revisions"}],"predecessor-version":[{"id":52838,"href":"https:\/\/casacumbia.com\/en\/wp-json\/wp\/v2\/product\/50647\/revisions\/52838"}],"wp:featuredmedia":[{"embeddable":true,"href":"https:\/\/casacumbia.com\/en\/wp-json\/wp\/v2\/media\/32842"}],"wp:attachment":[{"href":"https:\/\/casacumbia.com\/en\/wp-json\/wp\/v2\/media?parent=50647"}],"wp:term":[{"taxonomy":"product_brand","embeddable":true,"href":"https:\/\/casacumbia.com\/en\/wp-json\/wp\/v2\/product_brand?post=50647"},{"taxonomy":"product_cat","embeddable":true,"href":"https:\/\/casacumbia.com\/en\/wp-json\/wp\/v2\/product_cat?post=50647"},{"taxonomy":"product_tag","embeddable":true,"href":"https:\/\/casacumbia.com\/en\/wp-json\/wp\/v2\/product_tag?post=50647"}],"curies":[{"name":"wp","href":"https:\/\/api.w.org\/{rel}","templated":true}]}}