{"id":50635,"date":"2025-07-20T18:20:30","date_gmt":"2025-07-20T16:20:30","guid":{"rendered":"https:\/\/casacumbia.com\/product\/table-dappoint-basse-avec-structure-en-metal-bleu-girona\/"},"modified":"2025-09-21T15:16:19","modified_gmt":"2025-09-21T13:16:19","slug":"table-dappoint-basse-avec-structure-en-metal-bleu-girona","status":"publish","type":"product","link":"https:\/\/casacumbia.com\/en\/produit\/table-dappoint-basse-avec-structure-en-metal-bleu-girona\/","title":{"rendered":"Table d&#8217;appoint basse avec structure en m\u00e9tal bleu GIRONA"},"content":{"rendered":"<p>Girona est la nouvelle collection de tables d&#8217;appoint avec m\u00e9tal color\u00e9 et plateau en bois de ch\u00eane, c&#8217;est la fusion entre le style urbain et contemporain. En \u00e9tant color\u00e9es, elles permettent d&#8217;\u00eatre int\u00e9gr\u00e9es dans la d\u00e9coration de n&#8217;importe quelle pi\u00e8ce du salon, cr\u00e9ant un environnement accueillant et polyvalent. <\/p>\n","protected":false},"excerpt":{"rendered":"<p>Girona est la nouvelle collection de tables d&#8217;appoint avec m\u00e9tal color\u00e9 et plateau en bois de ch\u00eane, c&#8217;est la fusion<\/p>\n","protected":false},"featured_media":32885,"comment_status":"closed","ping_status":"closed","template":"","meta":[],"product_brand":[],"product_cat":[247],"product_tag":[173,181,166],"class_list":{"0":"post-50635","1":"product","2":"type-product","3":"status-publish","4":"has-post-thumbnail","6":"product_cat-meublesalon","7":"product_tag-grandes-dimensions","8":"product_tag-integre-pim","9":"product_tag-produits-en-ligne","11":"first","12":"instock","13":"shipping-taxable","14":"purchasable","15":"product-type-simple"},"_links":{"self":[{"href":"https:\/\/casacumbia.com\/en\/wp-json\/wp\/v2\/product\/50635","targetHints":{"allow":["GET"]}}],"collection":[{"href":"https:\/\/casacumbia.com\/en\/wp-json\/wp\/v2\/product"}],"about":[{"href":"https:\/\/casacumbia.com\/en\/wp-json\/wp\/v2\/types\/product"}],"replies":[{"embeddable":true,"href":"https:\/\/casacumbia.com\/en\/wp-json\/wp\/v2\/comments?post=50635"}],"version-history":[{"count":1,"href":"https:\/\/casacumbia.com\/en\/wp-json\/wp\/v2\/product\/50635\/revisions"}],"predecessor-version":[{"id":52859,"href":"https:\/\/casacumbia.com\/en\/wp-json\/wp\/v2\/product\/50635\/revisions\/52859"}],"wp:featuredmedia":[{"embeddable":true,"href":"https:\/\/casacumbia.com\/en\/wp-json\/wp\/v2\/media\/32885"}],"wp:attachment":[{"href":"https:\/\/casacumbia.com\/en\/wp-json\/wp\/v2\/media?parent=50635"}],"wp:term":[{"taxonomy":"product_brand","embeddable":true,"href":"https:\/\/casacumbia.com\/en\/wp-json\/wp\/v2\/product_brand?post=50635"},{"taxonomy":"product_cat","embeddable":true,"href":"https:\/\/casacumbia.com\/en\/wp-json\/wp\/v2\/product_cat?post=50635"},{"taxonomy":"product_tag","embeddable":true,"href":"https:\/\/casacumbia.com\/en\/wp-json\/wp\/v2\/product_tag?post=50635"}],"curies":[{"name":"wp","href":"https:\/\/api.w.org\/{rel}","templated":true}]}}