{"id":50624,"date":"2025-07-20T18:20:30","date_gmt":"2025-07-20T16:20:30","guid":{"rendered":"https:\/\/casacumbia.com\/product\/canape-lit-beige-julian\/"},"modified":"2025-09-21T15:16:17","modified_gmt":"2025-09-21T13:16:17","slug":"canape-lit-beige-julian","status":"publish","type":"product","link":"https:\/\/casacumbia.com\/en\/produit\/canape-lit-beige-julian\/","title":{"rendered":"Canap\u00e9-lit beige JULIAN"},"content":{"rendered":"<p data-start=\"690\" data-end=\"953\" class=\"\">Le canap\u00e9-lit <strong data-start=\"702\" data-end=\"712\">JULIAN<\/strong> de <strong data-start=\"716\" data-end=\"730\">casacumbia<\/strong> est le choix id\u00e9al pour ceux qui recherchent une pi\u00e8ce alliant confort, fonctionnalit\u00e9 et sophistication. Rev\u00eatu de <strong data-start=\"842\" data-end=\"867\">velours c\u00f4tel\u00e9 beige<\/strong>, il est doux au toucher et donne vie \u00e0 l&#8217;environnement avec son design contemporain et accueillant. Avec une capacit\u00e9 de <strong data-start=\"975\" data-end=\"988\">3 places<\/strong>, il se transforme facilement en lit confortable \u2014 parfait pour recevoir des invit\u00e9s avec \u00e9l\u00e9gance. Le compartiment de rangement le rend encore plus pratique au quotidien.   <\/p>\n<p data-start=\"1552\" data-end=\"1624\" class=\"\"><strong data-start=\"1552\" data-end=\"1561\">Canap\u00e9 :<\/strong> 233,5 cm \u00d7 90,5 cm \u00d7 99 cm ; <strong data-start=\"1627\" data-end=\"1636\">Lit :<\/strong> 194 \u00d7 137 cm<\/p>\n","protected":false},"excerpt":{"rendered":"<p>Le canap\u00e9-lit JULIAN de casacumbia est le choix id\u00e9al pour ceux qui recherchent une pi\u00e8ce alliant confort, fonctionnalit\u00e9 et sophistication.<\/p>\n","protected":false},"featured_media":32911,"comment_status":"closed","ping_status":"closed","template":"","meta":[],"product_brand":[],"product_cat":[184,246,204],"product_tag":[202,173,165,166],"class_list":{"0":"post-50624","1":"product","2":"type-product","3":"status-publish","4":"has-post-thumbnail","6":"product_cat-sofas-2","7":"product_cat-canapes","8":"product_cat-promotions-2","9":"product_tag-bienvenue","10":"product_tag-grandes-dimensions","11":"product_tag-pas_d_images","12":"product_tag-produits-en-ligne","14":"first","15":"instock","16":"sale","17":"shipping-taxable","18":"purchasable","19":"product-type-simple"},"_links":{"self":[{"href":"https:\/\/casacumbia.com\/en\/wp-json\/wp\/v2\/product\/50624","targetHints":{"allow":["GET"]}}],"collection":[{"href":"https:\/\/casacumbia.com\/en\/wp-json\/wp\/v2\/product"}],"about":[{"href":"https:\/\/casacumbia.com\/en\/wp-json\/wp\/v2\/types\/product"}],"replies":[{"embeddable":true,"href":"https:\/\/casacumbia.com\/en\/wp-json\/wp\/v2\/comments?post=50624"}],"version-history":[{"count":2,"href":"https:\/\/casacumbia.com\/en\/wp-json\/wp\/v2\/product\/50624\/revisions"}],"predecessor-version":[{"id":54162,"href":"https:\/\/casacumbia.com\/en\/wp-json\/wp\/v2\/product\/50624\/revisions\/54162"}],"wp:featuredmedia":[{"embeddable":true,"href":"https:\/\/casacumbia.com\/en\/wp-json\/wp\/v2\/media\/32911"}],"wp:attachment":[{"href":"https:\/\/casacumbia.com\/en\/wp-json\/wp\/v2\/media?parent=50624"}],"wp:term":[{"taxonomy":"product_brand","embeddable":true,"href":"https:\/\/casacumbia.com\/en\/wp-json\/wp\/v2\/product_brand?post=50624"},{"taxonomy":"product_cat","embeddable":true,"href":"https:\/\/casacumbia.com\/en\/wp-json\/wp\/v2\/product_cat?post=50624"},{"taxonomy":"product_tag","embeddable":true,"href":"https:\/\/casacumbia.com\/en\/wp-json\/wp\/v2\/product_tag?post=50624"}],"curies":[{"name":"wp","href":"https:\/\/api.w.org\/{rel}","templated":true}]}}