{"id":50614,"date":"2025-07-20T18:20:31","date_gmt":"2025-07-20T16:20:31","guid":{"rendered":"https:\/\/casacumbia.com\/product\/porte-serviettes-de-bain-avec-base-en-verre-blanc-huraa\/"},"modified":"2025-09-21T15:16:15","modified_gmt":"2025-09-21T13:16:15","slug":"porte-serviettes-de-bain-avec-base-en-verre-blanc-huraa","status":"publish","type":"product","link":"https:\/\/casacumbia.com\/en\/produit\/porte-serviettes-de-bain-avec-base-en-verre-blanc-huraa\/","title":{"rendered":"Porte-serviettes de bain avec base en verre blanc HURAA"},"content":{"rendered":"<p>Porte-serviettes de bain avec base en verre blanc HURAA. Une pi\u00e8ce essentielle de casacumbia, parfaite pour apporter une touche de style et de confort \u00e0 votre espace avec originalit\u00e9 et charme. <\/p>\n","protected":false},"excerpt":{"rendered":"<p>Porte-serviettes de bain avec base en verre blanc HURAA. Une pi\u00e8ce essentielle de casacumbia, parfaite pour apporter une touche de<\/p>\n","protected":false},"featured_media":32933,"comment_status":"closed","ping_status":"closed","template":"","meta":[],"product_brand":[],"product_cat":[292],"product_tag":[181,176,166],"class_list":{"0":"post-50614","1":"product","2":"type-product","3":"status-publish","4":"has-post-thumbnail","6":"product_cat-accessoires-de-bain","7":"product_tag-integre-pim","8":"product_tag-petites-dimensions","9":"product_tag-produits-en-ligne","11":"first","12":"instock","13":"shipping-taxable","14":"purchasable","15":"product-type-simple"},"_links":{"self":[{"href":"https:\/\/casacumbia.com\/en\/wp-json\/wp\/v2\/product\/50614","targetHints":{"allow":["GET"]}}],"collection":[{"href":"https:\/\/casacumbia.com\/en\/wp-json\/wp\/v2\/product"}],"about":[{"href":"https:\/\/casacumbia.com\/en\/wp-json\/wp\/v2\/types\/product"}],"replies":[{"embeddable":true,"href":"https:\/\/casacumbia.com\/en\/wp-json\/wp\/v2\/comments?post=50614"}],"version-history":[{"count":2,"href":"https:\/\/casacumbia.com\/en\/wp-json\/wp\/v2\/product\/50614\/revisions"}],"predecessor-version":[{"id":54160,"href":"https:\/\/casacumbia.com\/en\/wp-json\/wp\/v2\/product\/50614\/revisions\/54160"}],"wp:featuredmedia":[{"embeddable":true,"href":"https:\/\/casacumbia.com\/en\/wp-json\/wp\/v2\/media\/32933"}],"wp:attachment":[{"href":"https:\/\/casacumbia.com\/en\/wp-json\/wp\/v2\/media?parent=50614"}],"wp:term":[{"taxonomy":"product_brand","embeddable":true,"href":"https:\/\/casacumbia.com\/en\/wp-json\/wp\/v2\/product_brand?post=50614"},{"taxonomy":"product_cat","embeddable":true,"href":"https:\/\/casacumbia.com\/en\/wp-json\/wp\/v2\/product_cat?post=50614"},{"taxonomy":"product_tag","embeddable":true,"href":"https:\/\/casacumbia.com\/en\/wp-json\/wp\/v2\/product_tag?post=50614"}],"curies":[{"name":"wp","href":"https:\/\/api.w.org\/{rel}","templated":true}]}}