{"id":50602,"date":"2025-07-20T18:20:39","date_gmt":"2025-07-20T16:20:39","guid":{"rendered":"https:\/\/casacumbia.com\/product\/tasse-carrousel-2\/"},"modified":"2025-09-21T15:16:11","modified_gmt":"2025-09-21T13:16:11","slug":"tasse-carrousel-2","status":"publish","type":"product","link":"https:\/\/casacumbia.com\/en\/produit\/tasse-carrousel-2\/","title":{"rendered":"Bol CARROUSEL"},"content":{"rendered":"<p>Inspir\u00e9e des carrousels classiques qui remplissent de couleur et de joie les foires et les places du monde entier, cette collection est un voyage amusant dans l&#8217;imaginaire. Les pi\u00e8ces prennent vie avec des personnages enchant\u00e9s, des couleurs vibrantes et des illustrations d\u00e9taill\u00e9es qui tournent autour de la fantaisie.<\/p>\n<p>Au centre de tout, le Chat, figure iconique de la marque, nous conduit avec \u00e9l\u00e9gance et charme dans cet univers ludique habit\u00e9 \u00e9galement par le Cygne, le Paon, le Renne, le Lapin et le Cheval, o\u00f9 chaque animal a une personnalit\u00e9 unique et chaque pi\u00e8ce raconte l&#8217;histoire.<\/p>\n<p>Plus qu&#8217;un service de table, Carrousel est une c\u00e9l\u00e9bration du c\u00f4t\u00e9 l\u00e9ger de la vie \u2014 pour utiliser, offrir et r\u00e9inventer tous les jours de l&#8217;ann\u00e9e.<\/p>\n","protected":false},"excerpt":{"rendered":"<p>Inspir\u00e9e des carrousels classiques qui remplissent de couleur et de joie les foires et les places du monde entier, cette<\/p>\n","protected":false},"featured_media":33018,"comment_status":"closed","ping_status":"closed","template":"","meta":[],"product_brand":[],"product_cat":[280],"product_tag":[181,176,166],"class_list":{"0":"post-50602","1":"product","2":"type-product","3":"status-publish","4":"has-post-thumbnail","6":"product_cat-platsetbol","7":"product_tag-integre-pim","8":"product_tag-petites-dimensions","9":"product_tag-produits-en-ligne","11":"first","12":"instock","13":"shipping-taxable","14":"purchasable","15":"product-type-simple"},"_links":{"self":[{"href":"https:\/\/casacumbia.com\/en\/wp-json\/wp\/v2\/product\/50602","targetHints":{"allow":["GET"]}}],"collection":[{"href":"https:\/\/casacumbia.com\/en\/wp-json\/wp\/v2\/product"}],"about":[{"href":"https:\/\/casacumbia.com\/en\/wp-json\/wp\/v2\/types\/product"}],"replies":[{"embeddable":true,"href":"https:\/\/casacumbia.com\/en\/wp-json\/wp\/v2\/comments?post=50602"}],"version-history":[{"count":2,"href":"https:\/\/casacumbia.com\/en\/wp-json\/wp\/v2\/product\/50602\/revisions"}],"predecessor-version":[{"id":54343,"href":"https:\/\/casacumbia.com\/en\/wp-json\/wp\/v2\/product\/50602\/revisions\/54343"}],"wp:featuredmedia":[{"embeddable":true,"href":"https:\/\/casacumbia.com\/en\/wp-json\/wp\/v2\/media\/33018"}],"wp:attachment":[{"href":"https:\/\/casacumbia.com\/en\/wp-json\/wp\/v2\/media?parent=50602"}],"wp:term":[{"taxonomy":"product_brand","embeddable":true,"href":"https:\/\/casacumbia.com\/en\/wp-json\/wp\/v2\/product_brand?post=50602"},{"taxonomy":"product_cat","embeddable":true,"href":"https:\/\/casacumbia.com\/en\/wp-json\/wp\/v2\/product_cat?post=50602"},{"taxonomy":"product_tag","embeddable":true,"href":"https:\/\/casacumbia.com\/en\/wp-json\/wp\/v2\/product_tag?post=50602"}],"curies":[{"name":"wp","href":"https:\/\/api.w.org\/{rel}","templated":true}]}}