{"id":50601,"date":"2025-07-20T18:20:39","date_gmt":"2025-07-20T16:20:39","guid":{"rendered":"https:\/\/casacumbia.com\/product\/carafe-vintage\/"},"modified":"2025-09-21T15:16:11","modified_gmt":"2025-09-21T13:16:11","slug":"carafe-vintage","status":"publish","type":"product","link":"https:\/\/casacumbia.com\/en\/produit\/carafe-vintage\/","title":{"rendered":"Pichet VINTAGE"},"content":{"rendered":"<p>La collection Vintage est un voyage vers le charme du pass\u00e9, r\u00e9interpr\u00e9t\u00e9 avec l\u00e9g\u00e8ret\u00e9 et sophistication. Inspir\u00e9e des classiques du design des ann\u00e9es 50 et 60, chaque pi\u00e8ce pr\u00e9sente des lignes verticales d\u00e9licatement grav\u00e9es dans le verre et un d\u00e9tail dor\u00e9 subtil, qui \u00e9voquent l&#8217;\u00e9l\u00e9gance d&#8217;autrefois. <\/p>\n<p>Avec un design fonctionnel et intemporel, cette ligne transforme chaque moment \u00e0 table en une c\u00e9l\u00e9bration du bon go\u00fbt et de la nostalgie. Id\u00e9ale aussi bien pour les occasions sp\u00e9ciales que pour le plaisir de l&#8217;utiliser au quotidien avec style. <\/p>\n","protected":false},"excerpt":{"rendered":"<p>La collection Vintage est un voyage vers le charme du pass\u00e9, r\u00e9interpr\u00e9t\u00e9 avec l\u00e9g\u00e8ret\u00e9 et sophistication. Inspir\u00e9e des classiques du<\/p>\n","protected":false},"featured_media":33049,"comment_status":"closed","ping_status":"closed","template":"","meta":[],"product_brand":[],"product_cat":[274],"product_tag":[181,176,166],"class_list":{"0":"post-50601","1":"product","2":"type-product","3":"status-publish","4":"has-post-thumbnail","6":"product_cat-pichet","7":"product_tag-integre-pim","8":"product_tag-petites-dimensions","9":"product_tag-produits-en-ligne","11":"first","12":"instock","13":"shipping-taxable","14":"purchasable","15":"product-type-simple"},"_links":{"self":[{"href":"https:\/\/casacumbia.com\/en\/wp-json\/wp\/v2\/product\/50601","targetHints":{"allow":["GET"]}}],"collection":[{"href":"https:\/\/casacumbia.com\/en\/wp-json\/wp\/v2\/product"}],"about":[{"href":"https:\/\/casacumbia.com\/en\/wp-json\/wp\/v2\/types\/product"}],"replies":[{"embeddable":true,"href":"https:\/\/casacumbia.com\/en\/wp-json\/wp\/v2\/comments?post=50601"}],"version-history":[{"count":1,"href":"https:\/\/casacumbia.com\/en\/wp-json\/wp\/v2\/product\/50601\/revisions"}],"predecessor-version":[{"id":52576,"href":"https:\/\/casacumbia.com\/en\/wp-json\/wp\/v2\/product\/50601\/revisions\/52576"}],"wp:featuredmedia":[{"embeddable":true,"href":"https:\/\/casacumbia.com\/en\/wp-json\/wp\/v2\/media\/33049"}],"wp:attachment":[{"href":"https:\/\/casacumbia.com\/en\/wp-json\/wp\/v2\/media?parent=50601"}],"wp:term":[{"taxonomy":"product_brand","embeddable":true,"href":"https:\/\/casacumbia.com\/en\/wp-json\/wp\/v2\/product_brand?post=50601"},{"taxonomy":"product_cat","embeddable":true,"href":"https:\/\/casacumbia.com\/en\/wp-json\/wp\/v2\/product_cat?post=50601"},{"taxonomy":"product_tag","embeddable":true,"href":"https:\/\/casacumbia.com\/en\/wp-json\/wp\/v2\/product_tag?post=50601"}],"curies":[{"name":"wp","href":"https:\/\/api.w.org\/{rel}","templated":true}]}}