{"id":50595,"date":"2025-07-20T18:20:39","date_gmt":"2025-07-20T16:20:39","guid":{"rendered":"https:\/\/casacumbia.com\/product\/verre-bas-transparent-barcelona\/"},"modified":"2025-09-21T15:16:10","modified_gmt":"2025-09-21T13:16:10","slug":"verre-bas-transparent-barcelona","status":"publish","type":"product","link":"https:\/\/casacumbia.com\/en\/produit\/verre-bas-transparent-barcelona\/","title":{"rendered":"Verre bas transparent BARCELONA"},"content":{"rendered":"<p>Inspir\u00e9e par les lignes organiques de l&#8217;architecture d&#8217;Antoni Gaud\u00ed et par la richesse tactile des fonds marins m\u00e9diterran\u00e9ens, la collection Barcelona traduit en verre la po\u00e9sie des coquillages, \u00e9cailles et vagues.<\/p>\n<p>Chaque verre est comme un fragment d&#8217;une \u0153uvre vivante : les textures rappellent la surface d&#8217;un corail ou les fa\u00e7ades de la Casa Batll\u00f3 ; la transparence et la l\u00e9g\u00e8ret\u00e9 du mat\u00e9riau \u00e9voquent la lumi\u00e8re m\u00e9diterran\u00e9enne qui danse sur les eaux.<\/p>\n","protected":false},"excerpt":{"rendered":"<p>Inspir\u00e9e par les lignes organiques de l&#8217;architecture d&#8217;Antoni Gaud\u00ed et par la richesse tactile des fonds marins m\u00e9diterran\u00e9ens, la collection<\/p>\n","protected":false},"featured_media":33058,"comment_status":"closed","ping_status":"closed","template":"","meta":[],"product_brand":[],"product_cat":[255],"product_tag":[181,176,166],"class_list":{"0":"post-50595","1":"product","2":"type-product","3":"status-publish","4":"has-post-thumbnail","6":"product_cat-verres","7":"product_tag-integre-pim","8":"product_tag-petites-dimensions","9":"product_tag-produits-en-ligne","11":"first","12":"instock","13":"shipping-taxable","14":"purchasable","15":"product-type-simple"},"_links":{"self":[{"href":"https:\/\/casacumbia.com\/en\/wp-json\/wp\/v2\/product\/50595","targetHints":{"allow":["GET"]}}],"collection":[{"href":"https:\/\/casacumbia.com\/en\/wp-json\/wp\/v2\/product"}],"about":[{"href":"https:\/\/casacumbia.com\/en\/wp-json\/wp\/v2\/types\/product"}],"replies":[{"embeddable":true,"href":"https:\/\/casacumbia.com\/en\/wp-json\/wp\/v2\/comments?post=50595"}],"version-history":[{"count":1,"href":"https:\/\/casacumbia.com\/en\/wp-json\/wp\/v2\/product\/50595\/revisions"}],"predecessor-version":[{"id":52570,"href":"https:\/\/casacumbia.com\/en\/wp-json\/wp\/v2\/product\/50595\/revisions\/52570"}],"wp:featuredmedia":[{"embeddable":true,"href":"https:\/\/casacumbia.com\/en\/wp-json\/wp\/v2\/media\/33058"}],"wp:attachment":[{"href":"https:\/\/casacumbia.com\/en\/wp-json\/wp\/v2\/media?parent=50595"}],"wp:term":[{"taxonomy":"product_brand","embeddable":true,"href":"https:\/\/casacumbia.com\/en\/wp-json\/wp\/v2\/product_brand?post=50595"},{"taxonomy":"product_cat","embeddable":true,"href":"https:\/\/casacumbia.com\/en\/wp-json\/wp\/v2\/product_cat?post=50595"},{"taxonomy":"product_tag","embeddable":true,"href":"https:\/\/casacumbia.com\/en\/wp-json\/wp\/v2\/product_tag?post=50595"}],"curies":[{"name":"wp","href":"https:\/\/api.w.org\/{rel}","templated":true}]}}