{"id":50578,"date":"2025-07-20T18:20:49","date_gmt":"2025-07-20T16:20:49","guid":{"rendered":"https:\/\/casacumbia.com\/product\/ensemble-de-6-tasses-a-cafe-black-cat\/"},"modified":"2025-09-21T15:16:05","modified_gmt":"2025-09-21T13:16:05","slug":"ensemble-de-6-tasses-a-cafe-black-cat","status":"publish","type":"product","link":"https:\/\/casacumbia.com\/en\/produit\/ensemble-de-6-tasses-a-cafe-black-cat\/","title":{"rendered":"Ensemble de 6 Tasses \u00e0 Caf\u00e9 BLACK CAT"},"content":{"rendered":"<p><span>La collection<strong> Black Cat<\/strong> est une fusion audacieuse entre la sophistication urbaine et l&#8217;\u00e9l\u00e9gance Art D\u00e9co. Son design joue avec les contrastes g\u00e9om\u00e9triques entre le noir et le blanc, positif et n\u00e9gatif, o\u00f9 la silhouette d&#8217;un chat se r\u00e9v\u00e8le subtilement, presque cach\u00e9e, cr\u00e9ant un effet visuel intriguant. La palette restreinte, avec des touches de dor\u00e9 m\u00e9tallique, renforce le glamour et la modernit\u00e9 de chaque pi\u00e8ce. Un service de table en porcelaine, compos\u00e9 de deux assiettes de pr\u00e9sentation, assiette plate, assiette \u00e0 dessert, assiette \u00e0 soupe, deux coupes, saladier, et tasses \u00e0 th\u00e9 et caf\u00e9 en ensembles de 2 et de 6 pi\u00e8ces.   <\/span><\/p>\n<p><span>Pens\u00e9e pour ceux qui appr\u00e9cient les pi\u00e8ces \u00e0 forte personnalit\u00e9, <strong>Black Cat<\/strong> apporte une touche artistique, myst\u00e9rieuse et sophistiqu\u00e9e \u00e0 tout environnement moderne.<\/span><\/p>\n","protected":false},"excerpt":{"rendered":"<p>La collection Black Cat est une fusion audacieuse entre la sophistication urbaine et l&#8217;\u00e9l\u00e9gance Art D\u00e9co. Son design joue avec<\/p>\n","protected":false},"featured_media":33134,"comment_status":"closed","ping_status":"closed","template":"","meta":[],"product_brand":[],"product_cat":[273],"product_tag":[181,176,166],"class_list":{"0":"post-50578","1":"product","2":"type-product","3":"status-publish","4":"has-post-thumbnail","6":"product_cat-servicecafe","7":"product_tag-integre-pim","8":"product_tag-petites-dimensions","9":"product_tag-produits-en-ligne","11":"first","12":"instock","13":"shipping-taxable","14":"purchasable","15":"product-type-simple"},"_links":{"self":[{"href":"https:\/\/casacumbia.com\/en\/wp-json\/wp\/v2\/product\/50578","targetHints":{"allow":["GET"]}}],"collection":[{"href":"https:\/\/casacumbia.com\/en\/wp-json\/wp\/v2\/product"}],"about":[{"href":"https:\/\/casacumbia.com\/en\/wp-json\/wp\/v2\/types\/product"}],"replies":[{"embeddable":true,"href":"https:\/\/casacumbia.com\/en\/wp-json\/wp\/v2\/comments?post=50578"}],"version-history":[{"count":1,"href":"https:\/\/casacumbia.com\/en\/wp-json\/wp\/v2\/product\/50578\/revisions"}],"predecessor-version":[{"id":52468,"href":"https:\/\/casacumbia.com\/en\/wp-json\/wp\/v2\/product\/50578\/revisions\/52468"}],"wp:featuredmedia":[{"embeddable":true,"href":"https:\/\/casacumbia.com\/en\/wp-json\/wp\/v2\/media\/33134"}],"wp:attachment":[{"href":"https:\/\/casacumbia.com\/en\/wp-json\/wp\/v2\/media?parent=50578"}],"wp:term":[{"taxonomy":"product_brand","embeddable":true,"href":"https:\/\/casacumbia.com\/en\/wp-json\/wp\/v2\/product_brand?post=50578"},{"taxonomy":"product_cat","embeddable":true,"href":"https:\/\/casacumbia.com\/en\/wp-json\/wp\/v2\/product_cat?post=50578"},{"taxonomy":"product_tag","embeddable":true,"href":"https:\/\/casacumbia.com\/en\/wp-json\/wp\/v2\/product_tag?post=50578"}],"curies":[{"name":"wp","href":"https:\/\/api.w.org\/{rel}","templated":true}]}}