{"id":50570,"date":"2025-07-20T18:22:49","date_gmt":"2025-07-20T16:22:49","guid":{"rendered":"https:\/\/casacumbia.com\/product\/mug-blanc-lunes-bright-sky\/"},"modified":"2025-09-21T15:16:03","modified_gmt":"2025-09-21T13:16:03","slug":"mug-blanc-lunes-bright-sky","status":"publish","type":"product","link":"https:\/\/casacumbia.com\/en\/produit\/mug-blanc-lunes-bright-sky\/","title":{"rendered":"Mug Blanc Lunes BRIGHT SKY"},"content":{"rendered":"<p>La collection Bright Sky na\u00eet de l&#8217;inspiration du ciel et de la recherche de l&#8217;\u00e9clat r\u00e9confortant du Soleil, du reflet magique des \u00c9toiles et de l&#8217;ind\u00e9niable myst\u00e8re associ\u00e9 \u00e0 la Lune.<br \/>Les pi\u00e8ces sont riches en image visuelle avec des graphismes simplistes et des tons brillants, qui repr\u00e9sentent les constellations et l&#8217;Astrologie, transmettant un sentiment de s\u00e9r\u00e9nit\u00e9.<br \/>Produit en porcelaine Fine Bone China, tous les dessins sont valoris\u00e9s par la peinture en or et platine, utilisables au micro-ondes.<br \/>Leurs bo\u00eetes cadeaux ont \u00e9galement \u00e9t\u00e9 pens\u00e9es avec tout le soin n\u00e9cessaire, avec des rehauts de peinture en or et avec le d\u00e9tail sp\u00e9cial d&#8217;un pendentif lune qui compl\u00e8te tout le storytelling de la collection.<\/p>\n","protected":false},"excerpt":{"rendered":"<p>La collection Bright Sky na\u00eet de l&#8217;inspiration du ciel et de la recherche de l&#8217;\u00e9clat r\u00e9confortant du Soleil, du reflet<\/p>\n","protected":false},"featured_media":34854,"comment_status":"closed","ping_status":"closed","template":"","meta":[],"product_brand":[],"product_cat":[284],"product_tag":[181,176,166],"class_list":{"0":"post-50570","1":"product","2":"type-product","3":"status-publish","4":"has-post-thumbnail","6":"product_cat-tasses-mugs","7":"product_tag-integre-pim","8":"product_tag-petites-dimensions","9":"product_tag-produits-en-ligne","11":"first","12":"instock","13":"shipping-taxable","14":"purchasable","15":"product-type-simple"},"_links":{"self":[{"href":"https:\/\/casacumbia.com\/en\/wp-json\/wp\/v2\/product\/50570","targetHints":{"allow":["GET"]}}],"collection":[{"href":"https:\/\/casacumbia.com\/en\/wp-json\/wp\/v2\/product"}],"about":[{"href":"https:\/\/casacumbia.com\/en\/wp-json\/wp\/v2\/types\/product"}],"replies":[{"embeddable":true,"href":"https:\/\/casacumbia.com\/en\/wp-json\/wp\/v2\/comments?post=50570"}],"version-history":[{"count":1,"href":"https:\/\/casacumbia.com\/en\/wp-json\/wp\/v2\/product\/50570\/revisions"}],"predecessor-version":[{"id":53391,"href":"https:\/\/casacumbia.com\/en\/wp-json\/wp\/v2\/product\/50570\/revisions\/53391"}],"wp:featuredmedia":[{"embeddable":true,"href":"https:\/\/casacumbia.com\/en\/wp-json\/wp\/v2\/media\/34854"}],"wp:attachment":[{"href":"https:\/\/casacumbia.com\/en\/wp-json\/wp\/v2\/media?parent=50570"}],"wp:term":[{"taxonomy":"product_brand","embeddable":true,"href":"https:\/\/casacumbia.com\/en\/wp-json\/wp\/v2\/product_brand?post=50570"},{"taxonomy":"product_cat","embeddable":true,"href":"https:\/\/casacumbia.com\/en\/wp-json\/wp\/v2\/product_cat?post=50570"},{"taxonomy":"product_tag","embeddable":true,"href":"https:\/\/casacumbia.com\/en\/wp-json\/wp\/v2\/product_tag?post=50570"}],"curies":[{"name":"wp","href":"https:\/\/api.w.org\/{rel}","templated":true}]}}