{"id":50551,"date":"2025-07-20T18:27:00","date_gmt":"2025-07-20T16:27:00","guid":{"rendered":"https:\/\/casacumbia.com\/product\/flute-a-champagne-250ml-party\/"},"modified":"2025-09-21T15:15:58","modified_gmt":"2025-09-21T13:15:58","slug":"flute-a-champagne-250ml-party","status":"publish","type":"product","link":"https:\/\/casacumbia.com\/en\/produit\/flute-a-champagne-250ml-party\/","title":{"rendered":"Fl\u00fbte \u00e0 Champagne 250ml PARTY"},"content":{"rendered":"<p>Ces verres sont produits sans plomb, avec une qualit\u00e9 et une limpidit\u00e9 exceptionnelles. Ils offrent r\u00e9sistance et durabilit\u00e9 pour les meilleurs moments gastronomiques.<\/p>\n","protected":false},"excerpt":{"rendered":"<p>Ces verres sont produits sans plomb, avec une qualit\u00e9 et une limpidit\u00e9 exceptionnelles. Ils offrent r\u00e9sistance et durabilit\u00e9 pour les<\/p>\n","protected":false},"featured_media":37266,"comment_status":"closed","ping_status":"closed","template":"","meta":[],"product_brand":[],"product_cat":[255],"product_tag":[181,176,166],"class_list":{"0":"post-50551","1":"product","2":"type-product","3":"status-publish","4":"has-post-thumbnail","6":"product_cat-verres","7":"product_tag-integre-pim","8":"product_tag-petites-dimensions","9":"product_tag-produits-en-ligne","11":"first","12":"instock","13":"shipping-taxable","14":"purchasable","15":"product-type-simple"},"_links":{"self":[{"href":"https:\/\/casacumbia.com\/en\/wp-json\/wp\/v2\/product\/50551","targetHints":{"allow":["GET"]}}],"collection":[{"href":"https:\/\/casacumbia.com\/en\/wp-json\/wp\/v2\/product"}],"about":[{"href":"https:\/\/casacumbia.com\/en\/wp-json\/wp\/v2\/types\/product"}],"replies":[{"embeddable":true,"href":"https:\/\/casacumbia.com\/en\/wp-json\/wp\/v2\/comments?post=50551"}],"version-history":[{"count":2,"href":"https:\/\/casacumbia.com\/en\/wp-json\/wp\/v2\/product\/50551\/revisions"}],"predecessor-version":[{"id":53901,"href":"https:\/\/casacumbia.com\/en\/wp-json\/wp\/v2\/product\/50551\/revisions\/53901"}],"wp:featuredmedia":[{"embeddable":true,"href":"https:\/\/casacumbia.com\/en\/wp-json\/wp\/v2\/media\/37266"}],"wp:attachment":[{"href":"https:\/\/casacumbia.com\/en\/wp-json\/wp\/v2\/media?parent=50551"}],"wp:term":[{"taxonomy":"product_brand","embeddable":true,"href":"https:\/\/casacumbia.com\/en\/wp-json\/wp\/v2\/product_brand?post=50551"},{"taxonomy":"product_cat","embeddable":true,"href":"https:\/\/casacumbia.com\/en\/wp-json\/wp\/v2\/product_cat?post=50551"},{"taxonomy":"product_tag","embeddable":true,"href":"https:\/\/casacumbia.com\/en\/wp-json\/wp\/v2\/product_tag?post=50551"}],"curies":[{"name":"wp","href":"https:\/\/api.w.org\/{rel}","templated":true}]}}