{"id":50550,"date":"2025-07-20T18:26:59","date_gmt":"2025-07-20T16:26:59","guid":{"rendered":"https:\/\/casacumbia.com\/product\/egouttoir-a-vaisselle-pliable-bambu\/"},"modified":"2025-09-21T15:15:58","modified_gmt":"2025-09-21T13:15:58","slug":"egouttoir-a-vaisselle-pliable-bambu","status":"publish","type":"product","link":"https:\/\/casacumbia.com\/en\/produit\/egouttoir-a-vaisselle-pliable-bambu\/","title":{"rendered":"\u00c9gouttoir \u00e0 Vaisselle Pliable BAMBU"},"content":{"rendered":"<p>Une collection d&#8217;ustensiles de cuisine inspir\u00e9e par la simplicit\u00e9 et la r\u00e9sistance du bambou. Design minimaliste, mat\u00e9riaux durables et fonctionnalit\u00e9 pens\u00e9e pour le quotidien.<br \/>BAMBU apporte de la l\u00e9g\u00e8ret\u00e9 \u00e0 votre routine, avec des produits qui durent et respectent la nature. <\/p>\n","protected":false},"excerpt":{"rendered":"<p>Une collection d&#8217;ustensiles de cuisine inspir\u00e9e par la simplicit\u00e9 et la r\u00e9sistance du bambou. Design minimaliste, mat\u00e9riaux durables et fonctionnalit\u00e9<\/p>\n","protected":false},"featured_media":37249,"comment_status":"closed","ping_status":"closed","template":"","meta":[],"product_brand":[],"product_cat":[174,252],"product_tag":[202,181,176,166],"class_list":{"0":"post-50550","1":"product","2":"type-product","3":"status-publish","4":"has-post-thumbnail","6":"product_cat-kitchen-2","7":"product_cat-ustensiles","8":"product_tag-bienvenue","9":"product_tag-integre-pim","10":"product_tag-petites-dimensions","11":"product_tag-produits-en-ligne","13":"first","14":"instock","15":"shipping-taxable","16":"purchasable","17":"product-type-simple"},"_links":{"self":[{"href":"https:\/\/casacumbia.com\/en\/wp-json\/wp\/v2\/product\/50550","targetHints":{"allow":["GET"]}}],"collection":[{"href":"https:\/\/casacumbia.com\/en\/wp-json\/wp\/v2\/product"}],"about":[{"href":"https:\/\/casacumbia.com\/en\/wp-json\/wp\/v2\/types\/product"}],"replies":[{"embeddable":true,"href":"https:\/\/casacumbia.com\/en\/wp-json\/wp\/v2\/comments?post=50550"}],"version-history":[{"count":1,"href":"https:\/\/casacumbia.com\/en\/wp-json\/wp\/v2\/product\/50550\/revisions"}],"predecessor-version":[{"id":51715,"href":"https:\/\/casacumbia.com\/en\/wp-json\/wp\/v2\/product\/50550\/revisions\/51715"}],"wp:featuredmedia":[{"embeddable":true,"href":"https:\/\/casacumbia.com\/en\/wp-json\/wp\/v2\/media\/37249"}],"wp:attachment":[{"href":"https:\/\/casacumbia.com\/en\/wp-json\/wp\/v2\/media?parent=50550"}],"wp:term":[{"taxonomy":"product_brand","embeddable":true,"href":"https:\/\/casacumbia.com\/en\/wp-json\/wp\/v2\/product_brand?post=50550"},{"taxonomy":"product_cat","embeddable":true,"href":"https:\/\/casacumbia.com\/en\/wp-json\/wp\/v2\/product_cat?post=50550"},{"taxonomy":"product_tag","embeddable":true,"href":"https:\/\/casacumbia.com\/en\/wp-json\/wp\/v2\/product_tag?post=50550"}],"curies":[{"name":"wp","href":"https:\/\/api.w.org\/{rel}","templated":true}]}}