{"id":50545,"date":"2025-07-20T18:27:00","date_gmt":"2025-07-20T16:27:00","guid":{"rendered":"https:\/\/casacumbia.com\/product\/coussin-melange-beige-et-naturel-suki\/"},"modified":"2025-09-21T15:15:57","modified_gmt":"2025-09-21T13:15:57","slug":"coussin-melange-beige-et-naturel-suki","status":"publish","type":"product","link":"https:\/\/casacumbia.com\/en\/produit\/coussin-melange-beige-et-naturel-suki\/","title":{"rendered":"Coussin Chin\u00e9 Beige et Naturel SUKI"},"content":{"rendered":"<p>La collection de basiques aux couleurs chin\u00e9es c\u00e9l\u00e8bre la simplicit\u00e9 avec style, offrant diff\u00e9rents types de produits pens\u00e9s pour le quotidien. Les couleurs unies m\u00e9lang\u00e9es aux tons neutres du blanc et du beige rendent cette collection polyvalente, s&#8217;adaptant \u00e0 tout environnement. <\/p>\n","protected":false},"excerpt":{"rendered":"<p>La collection de basiques aux couleurs chin\u00e9es c\u00e9l\u00e8bre la simplicit\u00e9 avec style, offrant diff\u00e9rents types de produits pens\u00e9s pour le<\/p>\n","protected":false},"featured_media":37276,"comment_status":"closed","ping_status":"closed","template":"","meta":[],"product_brand":[],"product_cat":[238],"product_tag":[202,181,176,166],"class_list":{"0":"post-50545","1":"product","2":"type-product","3":"status-publish","4":"has-post-thumbnail","6":"product_cat-coussins","7":"product_tag-bienvenue","8":"product_tag-integre-pim","9":"product_tag-petites-dimensions","10":"product_tag-produits-en-ligne","12":"first","13":"instock","14":"shipping-taxable","15":"purchasable","16":"product-type-simple"},"_links":{"self":[{"href":"https:\/\/casacumbia.com\/en\/wp-json\/wp\/v2\/product\/50545","targetHints":{"allow":["GET"]}}],"collection":[{"href":"https:\/\/casacumbia.com\/en\/wp-json\/wp\/v2\/product"}],"about":[{"href":"https:\/\/casacumbia.com\/en\/wp-json\/wp\/v2\/types\/product"}],"replies":[{"embeddable":true,"href":"https:\/\/casacumbia.com\/en\/wp-json\/wp\/v2\/comments?post=50545"}],"version-history":[{"count":1,"href":"https:\/\/casacumbia.com\/en\/wp-json\/wp\/v2\/product\/50545\/revisions"}],"predecessor-version":[{"id":51691,"href":"https:\/\/casacumbia.com\/en\/wp-json\/wp\/v2\/product\/50545\/revisions\/51691"}],"wp:featuredmedia":[{"embeddable":true,"href":"https:\/\/casacumbia.com\/en\/wp-json\/wp\/v2\/media\/37276"}],"wp:attachment":[{"href":"https:\/\/casacumbia.com\/en\/wp-json\/wp\/v2\/media?parent=50545"}],"wp:term":[{"taxonomy":"product_brand","embeddable":true,"href":"https:\/\/casacumbia.com\/en\/wp-json\/wp\/v2\/product_brand?post=50545"},{"taxonomy":"product_cat","embeddable":true,"href":"https:\/\/casacumbia.com\/en\/wp-json\/wp\/v2\/product_cat?post=50545"},{"taxonomy":"product_tag","embeddable":true,"href":"https:\/\/casacumbia.com\/en\/wp-json\/wp\/v2\/product_tag?post=50545"}],"curies":[{"name":"wp","href":"https:\/\/api.w.org\/{rel}","templated":true}]}}