{"id":50541,"date":"2025-07-20T18:27:00","date_gmt":"2025-07-20T16:27:00","guid":{"rendered":"https:\/\/casacumbia.com\/product\/support-de-cuillere-en-ceramique-minimal\/"},"modified":"2025-09-21T15:15:56","modified_gmt":"2025-09-21T13:15:56","slug":"support-de-cuillere-en-ceramique-minimal","status":"publish","type":"product","link":"https:\/\/casacumbia.com\/en\/produit\/support-de-cuillere-en-ceramique-minimal\/","title":{"rendered":"Support de Cuill\u00e8re en C\u00e9ramique MINIMAL"},"content":{"rendered":"<p>Support de Cuill\u00e8re en C\u00e9ramique MINIMAL. Une pi\u00e8ce essentielle de casacumbia, parfaite pour apporter une touche de style et de confort \u00e0 votre espace avec originalit\u00e9 et charme.<\/p>\n","protected":false},"excerpt":{"rendered":"<p>Support de Cuill\u00e8re en C\u00e9ramique MINIMAL. Une pi\u00e8ce essentielle de casacumbia, parfaite pour apporter une touche de style et de<\/p>\n","protected":false},"featured_media":37297,"comment_status":"closed","ping_status":"closed","template":"","meta":[],"product_brand":[],"product_cat":[294],"product_tag":[181,176,166],"class_list":{"0":"post-50541","1":"product","2":"type-product","3":"status-publish","4":"has-post-thumbnail","6":"product_cat-accessoires-de-cuisine","7":"product_tag-integre-pim","8":"product_tag-petites-dimensions","9":"product_tag-produits-en-ligne","11":"first","12":"instock","13":"shipping-taxable","14":"purchasable","15":"product-type-simple"},"_links":{"self":[{"href":"https:\/\/casacumbia.com\/en\/wp-json\/wp\/v2\/product\/50541","targetHints":{"allow":["GET"]}}],"collection":[{"href":"https:\/\/casacumbia.com\/en\/wp-json\/wp\/v2\/product"}],"about":[{"href":"https:\/\/casacumbia.com\/en\/wp-json\/wp\/v2\/types\/product"}],"replies":[{"embeddable":true,"href":"https:\/\/casacumbia.com\/en\/wp-json\/wp\/v2\/comments?post=50541"}],"version-history":[{"count":3,"href":"https:\/\/casacumbia.com\/en\/wp-json\/wp\/v2\/product\/50541\/revisions"}],"predecessor-version":[{"id":54157,"href":"https:\/\/casacumbia.com\/en\/wp-json\/wp\/v2\/product\/50541\/revisions\/54157"}],"wp:featuredmedia":[{"embeddable":true,"href":"https:\/\/casacumbia.com\/en\/wp-json\/wp\/v2\/media\/37297"}],"wp:attachment":[{"href":"https:\/\/casacumbia.com\/en\/wp-json\/wp\/v2\/media?parent=50541"}],"wp:term":[{"taxonomy":"product_brand","embeddable":true,"href":"https:\/\/casacumbia.com\/en\/wp-json\/wp\/v2\/product_brand?post=50541"},{"taxonomy":"product_cat","embeddable":true,"href":"https:\/\/casacumbia.com\/en\/wp-json\/wp\/v2\/product_cat?post=50541"},{"taxonomy":"product_tag","embeddable":true,"href":"https:\/\/casacumbia.com\/en\/wp-json\/wp\/v2\/product_tag?post=50541"}],"curies":[{"name":"wp","href":"https:\/\/api.w.org\/{rel}","templated":true}]}}