{"id":50537,"date":"2025-07-20T18:27:01","date_gmt":"2025-07-20T16:27:01","guid":{"rendered":"https:\/\/casacumbia.com\/product\/bague-de-reduction-pour-abat-jour\/"},"modified":"2025-09-21T15:15:55","modified_gmt":"2025-09-21T13:15:55","slug":"bague-de-reduction-pour-abat-jour","status":"publish","type":"product","link":"https:\/\/casacumbia.com\/en\/produit\/bague-de-reduction-pour-abat-jour\/","title":{"rendered":"Bague de r\u00e9duction pour abat-jour"},"content":{"rendered":"<p>La bague de r\u00e9duction d&#8217;abat-jour est un accessoire qui permet d&#8217;adapter l&#8217;embo\u00eetement de la lampe \u00e0 diff\u00e9rents types de douilles, r\u00e9duisant g\u00e9n\u00e9ralement de E27 plus grand vers E14 plus petit. Essentiel pour garantir une fixation s\u00fbre et stable de l&#8217;abat-jour \u00e0 la structure de la lampe.<\/p>\n","protected":false},"excerpt":{"rendered":"<p>La bague de r\u00e9duction d&#8217;abat-jour est un accessoire qui permet d&#8217;adapter l&#8217;embo\u00eetement de la lampe \u00e0 diff\u00e9rents types de douilles,<\/p>\n","protected":false},"featured_media":37302,"comment_status":"closed","ping_status":"closed","template":"","meta":[],"product_brand":[],"product_cat":[309],"product_tag":[202,181,176,166],"class_list":{"0":"post-50537","1":"product","2":"type-product","3":"status-publish","4":"has-post-thumbnail","6":"product_cat-abat-jours-accessoires","7":"product_tag-bienvenue","8":"product_tag-integre-pim","9":"product_tag-petites-dimensions","10":"product_tag-produits-en-ligne","12":"first","13":"instock","14":"shipping-taxable","15":"purchasable","16":"product-type-simple"},"_links":{"self":[{"href":"https:\/\/casacumbia.com\/en\/wp-json\/wp\/v2\/product\/50537","targetHints":{"allow":["GET"]}}],"collection":[{"href":"https:\/\/casacumbia.com\/en\/wp-json\/wp\/v2\/product"}],"about":[{"href":"https:\/\/casacumbia.com\/en\/wp-json\/wp\/v2\/types\/product"}],"replies":[{"embeddable":true,"href":"https:\/\/casacumbia.com\/en\/wp-json\/wp\/v2\/comments?post=50537"}],"version-history":[{"count":2,"href":"https:\/\/casacumbia.com\/en\/wp-json\/wp\/v2\/product\/50537\/revisions"}],"predecessor-version":[{"id":53890,"href":"https:\/\/casacumbia.com\/en\/wp-json\/wp\/v2\/product\/50537\/revisions\/53890"}],"wp:featuredmedia":[{"embeddable":true,"href":"https:\/\/casacumbia.com\/en\/wp-json\/wp\/v2\/media\/37302"}],"wp:attachment":[{"href":"https:\/\/casacumbia.com\/en\/wp-json\/wp\/v2\/media?parent=50537"}],"wp:term":[{"taxonomy":"product_brand","embeddable":true,"href":"https:\/\/casacumbia.com\/en\/wp-json\/wp\/v2\/product_brand?post=50537"},{"taxonomy":"product_cat","embeddable":true,"href":"https:\/\/casacumbia.com\/en\/wp-json\/wp\/v2\/product_cat?post=50537"},{"taxonomy":"product_tag","embeddable":true,"href":"https:\/\/casacumbia.com\/en\/wp-json\/wp\/v2\/product_tag?post=50537"}],"curies":[{"name":"wp","href":"https:\/\/api.w.org\/{rel}","templated":true}]}}