{"id":50501,"date":"2025-07-20T18:18:08","date_gmt":"2025-07-20T16:18:08","guid":{"rendered":"https:\/\/casacumbia.com\/product\/plateau-en-bambou\/"},"modified":"2025-09-21T15:15:47","modified_gmt":"2025-09-21T13:15:47","slug":"plateau-en-bambou","status":"publish","type":"product","link":"https:\/\/casacumbia.com\/en\/produit\/plateau-en-bambou\/","title":{"rendered":"Planche en BAMBOU"},"content":{"rendered":"<p>Une collection d&#8217;ustensiles de cuisine inspir\u00e9e par la simplicit\u00e9 et la r\u00e9sistance du bambou. Design minimaliste, mat\u00e9riaux durables et fonctionnalit\u00e9 pens\u00e9e pour le quotidien.<br \/>BAMBU apporte de la l\u00e9g\u00e8ret\u00e9 \u00e0 votre routine, avec des produits qui durent et respectent la nature. <\/p>\n","protected":false},"excerpt":{"rendered":"<p>Une collection d&#8217;ustensiles de cuisine inspir\u00e9e par la simplicit\u00e9 et la r\u00e9sistance du bambou. Design minimaliste, mat\u00e9riaux durables et fonctionnalit\u00e9<\/p>\n","protected":false},"featured_media":31320,"comment_status":"closed","ping_status":"closed","template":"","meta":[],"product_brand":[],"product_cat":[282],"product_tag":[181,176,166],"class_list":{"0":"post-50501","1":"product","2":"type-product","3":"status-publish","4":"has-post-thumbnail","6":"product_cat-planches","7":"product_tag-integre-pim","8":"product_tag-petites-dimensions","9":"product_tag-produits-en-ligne","11":"first","12":"instock","13":"shipping-taxable","14":"purchasable","15":"product-type-simple"},"_links":{"self":[{"href":"https:\/\/casacumbia.com\/en\/wp-json\/wp\/v2\/product\/50501","targetHints":{"allow":["GET"]}}],"collection":[{"href":"https:\/\/casacumbia.com\/en\/wp-json\/wp\/v2\/product"}],"about":[{"href":"https:\/\/casacumbia.com\/en\/wp-json\/wp\/v2\/types\/product"}],"replies":[{"embeddable":true,"href":"https:\/\/casacumbia.com\/en\/wp-json\/wp\/v2\/comments?post=50501"}],"version-history":[{"count":1,"href":"https:\/\/casacumbia.com\/en\/wp-json\/wp\/v2\/product\/50501\/revisions"}],"predecessor-version":[{"id":52780,"href":"https:\/\/casacumbia.com\/en\/wp-json\/wp\/v2\/product\/50501\/revisions\/52780"}],"wp:featuredmedia":[{"embeddable":true,"href":"https:\/\/casacumbia.com\/en\/wp-json\/wp\/v2\/media\/31320"}],"wp:attachment":[{"href":"https:\/\/casacumbia.com\/en\/wp-json\/wp\/v2\/media?parent=50501"}],"wp:term":[{"taxonomy":"product_brand","embeddable":true,"href":"https:\/\/casacumbia.com\/en\/wp-json\/wp\/v2\/product_brand?post=50501"},{"taxonomy":"product_cat","embeddable":true,"href":"https:\/\/casacumbia.com\/en\/wp-json\/wp\/v2\/product_cat?post=50501"},{"taxonomy":"product_tag","embeddable":true,"href":"https:\/\/casacumbia.com\/en\/wp-json\/wp\/v2\/product_tag?post=50501"}],"curies":[{"name":"wp","href":"https:\/\/api.w.org\/{rel}","templated":true}]}}