{"id":50493,"date":"2025-07-20T18:19:10","date_gmt":"2025-07-20T16:19:10","guid":{"rendered":"https:\/\/casacumbia.com\/product\/desodorisant-en-spray-coton-blanc-pure-natural\/"},"modified":"2025-09-21T15:15:45","modified_gmt":"2025-09-21T13:15:45","slug":"desodorisant-en-spray-coton-blanc-pure-natural","status":"publish","type":"product","link":"https:\/\/casacumbia.com\/en\/produit\/desodorisant-en-spray-coton-blanc-pure-natural\/","title":{"rendered":"D\u00e9sodorisant en spray White Cotton PURE NATURAL"},"content":{"rendered":"<p>Une collection compos\u00e9e d&#8217;ambianteurs, de bougies et de diffuseurs, o\u00f9 chaque produit est con\u00e7u pour transformer votre maison.<br \/>  Le parfum White Cotton \u00e9voque une fragrance florale et musqu\u00e9e.<\/p>\n","protected":false},"excerpt":{"rendered":"<p>Une collection compos\u00e9e d&#8217;ambianteurs, de bougies et de diffuseurs, o\u00f9 chaque produit est con\u00e7u pour transformer votre maison. Le parfum<\/p>\n","protected":false},"featured_media":31971,"comment_status":"closed","ping_status":"closed","template":"","meta":[],"product_brand":[],"product_cat":[264],"product_tag":[181,176,166],"class_list":{"0":"post-50493","1":"product","2":"type-product","3":"status-publish","4":"has-post-thumbnail","6":"product_cat-bougies","7":"product_tag-integre-pim","8":"product_tag-petites-dimensions","9":"product_tag-produits-en-ligne","11":"first","12":"instock","13":"shipping-taxable","14":"purchasable","15":"product-type-simple"},"_links":{"self":[{"href":"https:\/\/casacumbia.com\/en\/wp-json\/wp\/v2\/product\/50493","targetHints":{"allow":["GET"]}}],"collection":[{"href":"https:\/\/casacumbia.com\/en\/wp-json\/wp\/v2\/product"}],"about":[{"href":"https:\/\/casacumbia.com\/en\/wp-json\/wp\/v2\/types\/product"}],"replies":[{"embeddable":true,"href":"https:\/\/casacumbia.com\/en\/wp-json\/wp\/v2\/comments?post=50493"}],"version-history":[{"count":1,"href":"https:\/\/casacumbia.com\/en\/wp-json\/wp\/v2\/product\/50493\/revisions"}],"predecessor-version":[{"id":52738,"href":"https:\/\/casacumbia.com\/en\/wp-json\/wp\/v2\/product\/50493\/revisions\/52738"}],"wp:featuredmedia":[{"embeddable":true,"href":"https:\/\/casacumbia.com\/en\/wp-json\/wp\/v2\/media\/31971"}],"wp:attachment":[{"href":"https:\/\/casacumbia.com\/en\/wp-json\/wp\/v2\/media?parent=50493"}],"wp:term":[{"taxonomy":"product_brand","embeddable":true,"href":"https:\/\/casacumbia.com\/en\/wp-json\/wp\/v2\/product_brand?post=50493"},{"taxonomy":"product_cat","embeddable":true,"href":"https:\/\/casacumbia.com\/en\/wp-json\/wp\/v2\/product_cat?post=50493"},{"taxonomy":"product_tag","embeddable":true,"href":"https:\/\/casacumbia.com\/en\/wp-json\/wp\/v2\/product_tag?post=50493"}],"curies":[{"name":"wp","href":"https:\/\/api.w.org\/{rel}","templated":true}]}}