{"id":50488,"date":"2025-07-20T18:19:11","date_gmt":"2025-07-20T16:19:11","guid":{"rendered":"https:\/\/casacumbia.com\/product\/corps-blue-bird\/"},"modified":"2025-09-21T15:15:43","modified_gmt":"2025-09-21T13:15:43","slug":"corps-blue-bird","status":"publish","type":"product","link":"https:\/\/casacumbia.com\/en\/produit\/corps-blue-bird\/","title":{"rendered":"Bol BLUE BIRD"},"content":{"rendered":"<p>La collection BLUE BIRD s&#8217;inspire de la tradition de l&#8217;art portugais.<br \/>  Une symbiose entre oiseaux et v\u00e9g\u00e9tation issue des tapisseries de Castelo Branco associ\u00e9e au bleu profond des azulejos du XVIIIe si\u00e8cle est peinte originalement \u00e0 la main avec la technique de l&#8217;aquarelle, donnant naissance \u00e0 un service \u00e9l\u00e9gant. <\/p>\n","protected":false},"excerpt":{"rendered":"<p>La collection BLUE BIRD s&#8217;inspire de la tradition de l&#8217;art portugais. Une symbiose entre oiseaux et v\u00e9g\u00e9tation issue des tapisseries<\/p>\n","protected":false},"featured_media":32005,"comment_status":"closed","ping_status":"closed","template":"","meta":[],"product_brand":[],"product_cat":[280],"product_tag":[181,176,166],"class_list":{"0":"post-50488","1":"product","2":"type-product","3":"status-publish","4":"has-post-thumbnail","6":"product_cat-platsetbol","7":"product_tag-integre-pim","8":"product_tag-petites-dimensions","9":"product_tag-produits-en-ligne","11":"first","12":"instock","13":"shipping-taxable","14":"purchasable","15":"product-type-simple"},"_links":{"self":[{"href":"https:\/\/casacumbia.com\/en\/wp-json\/wp\/v2\/product\/50488","targetHints":{"allow":["GET"]}}],"collection":[{"href":"https:\/\/casacumbia.com\/en\/wp-json\/wp\/v2\/product"}],"about":[{"href":"https:\/\/casacumbia.com\/en\/wp-json\/wp\/v2\/types\/product"}],"replies":[{"embeddable":true,"href":"https:\/\/casacumbia.com\/en\/wp-json\/wp\/v2\/comments?post=50488"}],"version-history":[{"count":1,"href":"https:\/\/casacumbia.com\/en\/wp-json\/wp\/v2\/product\/50488\/revisions"}],"predecessor-version":[{"id":52646,"href":"https:\/\/casacumbia.com\/en\/wp-json\/wp\/v2\/product\/50488\/revisions\/52646"}],"wp:featuredmedia":[{"embeddable":true,"href":"https:\/\/casacumbia.com\/en\/wp-json\/wp\/v2\/media\/32005"}],"wp:attachment":[{"href":"https:\/\/casacumbia.com\/en\/wp-json\/wp\/v2\/media?parent=50488"}],"wp:term":[{"taxonomy":"product_brand","embeddable":true,"href":"https:\/\/casacumbia.com\/en\/wp-json\/wp\/v2\/product_brand?post=50488"},{"taxonomy":"product_cat","embeddable":true,"href":"https:\/\/casacumbia.com\/en\/wp-json\/wp\/v2\/product_cat?post=50488"},{"taxonomy":"product_tag","embeddable":true,"href":"https:\/\/casacumbia.com\/en\/wp-json\/wp\/v2\/product_tag?post=50488"}],"curies":[{"name":"wp","href":"https:\/\/api.w.org\/{rel}","templated":true}]}}