{"id":50482,"date":"2025-07-20T18:19:39","date_gmt":"2025-07-20T16:19:39","guid":{"rendered":"https:\/\/casacumbia.com\/product\/foulard-en-viscose-bird-song-cat-collage\/"},"modified":"2025-09-21T15:15:42","modified_gmt":"2025-09-21T13:15:42","slug":"foulard-en-viscose-bird-song-cat-collage","status":"publish","type":"product","link":"https:\/\/casacumbia.com\/en\/produit\/foulard-en-viscose-bird-song-cat-collage\/","title":{"rendered":"Foulard Viscose Bird Song CAT COLLAGE"},"content":{"rendered":"<p>La collection de foulards \u00ab Cat Collage \u00bb donne une nouvelle vie aux illustrations qui font partie du parcours du casacumbia. Plongez dans un univers de possibilit\u00e9s infinies o\u00f9 les \u00e9l\u00e9ments exclusifs de notre marque s&#8217;unissent en parfaite harmonie. Cette collection n&#8217;est pas seulement une tendance qui est l\u00e0 pour durer, mais aussi un r\u00e9cit de notre histoire.  <\/p>\n","protected":false},"excerpt":{"rendered":"<p>La collection de foulards \u00ab Cat Collage \u00bb donne une nouvelle vie aux illustrations qui font partie du parcours du<\/p>\n","protected":false},"featured_media":32376,"comment_status":"closed","ping_status":"closed","template":"","meta":[],"product_brand":[],"product_cat":[316,204],"product_tag":[181,176,166],"class_list":{"0":"post-50482","1":"product","2":"type-product","3":"status-publish","4":"has-post-thumbnail","6":"product_cat-foulards-echarpes","7":"product_cat-promotions-2","8":"product_tag-integre-pim","9":"product_tag-petites-dimensions","10":"product_tag-produits-en-ligne","12":"first","13":"instock","14":"sale","15":"shipping-taxable","16":"purchasable","17":"product-type-simple"},"_links":{"self":[{"href":"https:\/\/casacumbia.com\/en\/wp-json\/wp\/v2\/product\/50482","targetHints":{"allow":["GET"]}}],"collection":[{"href":"https:\/\/casacumbia.com\/en\/wp-json\/wp\/v2\/product"}],"about":[{"href":"https:\/\/casacumbia.com\/en\/wp-json\/wp\/v2\/types\/product"}],"replies":[{"embeddable":true,"href":"https:\/\/casacumbia.com\/en\/wp-json\/wp\/v2\/comments?post=50482"}],"version-history":[{"count":2,"href":"https:\/\/casacumbia.com\/en\/wp-json\/wp\/v2\/product\/50482\/revisions"}],"predecessor-version":[{"id":54143,"href":"https:\/\/casacumbia.com\/en\/wp-json\/wp\/v2\/product\/50482\/revisions\/54143"}],"wp:featuredmedia":[{"embeddable":true,"href":"https:\/\/casacumbia.com\/en\/wp-json\/wp\/v2\/media\/32376"}],"wp:attachment":[{"href":"https:\/\/casacumbia.com\/en\/wp-json\/wp\/v2\/media?parent=50482"}],"wp:term":[{"taxonomy":"product_brand","embeddable":true,"href":"https:\/\/casacumbia.com\/en\/wp-json\/wp\/v2\/product_brand?post=50482"},{"taxonomy":"product_cat","embeddable":true,"href":"https:\/\/casacumbia.com\/en\/wp-json\/wp\/v2\/product_cat?post=50482"},{"taxonomy":"product_tag","embeddable":true,"href":"https:\/\/casacumbia.com\/en\/wp-json\/wp\/v2\/product_tag?post=50482"}],"curies":[{"name":"wp","href":"https:\/\/api.w.org\/{rel}","templated":true}]}}