{"id":50477,"date":"2025-07-20T18:19:39","date_gmt":"2025-07-20T16:19:39","guid":{"rendered":"https:\/\/casacumbia.com\/product\/petit-plateau-en-melamine-papaia\/"},"modified":"2025-09-21T15:15:41","modified_gmt":"2025-09-21T13:15:41","slug":"petit-plateau-en-melamine-papaia","status":"publish","type":"product","link":"https:\/\/casacumbia.com\/en\/produit\/petit-plateau-en-melamine-papaia\/","title":{"rendered":"Petit Plateau en M\u00e9lamine PAPAYE"},"content":{"rendered":"<p>Compos\u00e9 d&#8217;une assiette de pr\u00e9sentation, d&#8217;une assiette plate, d&#8217;une assiette \u00e0 dessert, d&#8217;un bol et de deux tailles de plateau, le Service Papaia est un service de table en m\u00e9lamine qui offrira une exp\u00e9rience \u00e0 la fois artistique et exotique, capturant l&#8217;essence de la tendance disruptive du Tropical Flair gr\u00e2ce \u00e0 la combinaison de motifs expressifs, de couleurs audacieuses et d&#8217;\u00e9l\u00e9ments tropicaux, r\u00e9sultant en une collection vibrante et pleine de personnalit\u00e9, enrichissant n&#8217;importe quelle table.<\/p>\n","protected":false},"excerpt":{"rendered":"<p>Compos\u00e9 d&#8217;une assiette de pr\u00e9sentation, d&#8217;une assiette plate, d&#8217;une assiette \u00e0 dessert, d&#8217;un bol et de deux tailles de plateau,<\/p>\n","protected":false},"featured_media":32403,"comment_status":"closed","ping_status":"closed","template":"","meta":[],"product_brand":[],"product_cat":[282,204],"product_tag":[181,176,166],"class_list":{"0":"post-50477","1":"product","2":"type-product","3":"status-publish","4":"has-post-thumbnail","6":"product_cat-planches","7":"product_cat-promotions-2","8":"product_tag-integre-pim","9":"product_tag-petites-dimensions","10":"product_tag-produits-en-ligne","12":"first","13":"instock","14":"sale","15":"shipping-taxable","16":"purchasable","17":"product-type-simple"},"_links":{"self":[{"href":"https:\/\/casacumbia.com\/en\/wp-json\/wp\/v2\/product\/50477","targetHints":{"allow":["GET"]}}],"collection":[{"href":"https:\/\/casacumbia.com\/en\/wp-json\/wp\/v2\/product"}],"about":[{"href":"https:\/\/casacumbia.com\/en\/wp-json\/wp\/v2\/types\/product"}],"replies":[{"embeddable":true,"href":"https:\/\/casacumbia.com\/en\/wp-json\/wp\/v2\/comments?post=50477"}],"version-history":[{"count":1,"href":"https:\/\/casacumbia.com\/en\/wp-json\/wp\/v2\/product\/50477\/revisions"}],"predecessor-version":[{"id":53449,"href":"https:\/\/casacumbia.com\/en\/wp-json\/wp\/v2\/product\/50477\/revisions\/53449"}],"wp:featuredmedia":[{"embeddable":true,"href":"https:\/\/casacumbia.com\/en\/wp-json\/wp\/v2\/media\/32403"}],"wp:attachment":[{"href":"https:\/\/casacumbia.com\/en\/wp-json\/wp\/v2\/media?parent=50477"}],"wp:term":[{"taxonomy":"product_brand","embeddable":true,"href":"https:\/\/casacumbia.com\/en\/wp-json\/wp\/v2\/product_brand?post=50477"},{"taxonomy":"product_cat","embeddable":true,"href":"https:\/\/casacumbia.com\/en\/wp-json\/wp\/v2\/product_cat?post=50477"},{"taxonomy":"product_tag","embeddable":true,"href":"https:\/\/casacumbia.com\/en\/wp-json\/wp\/v2\/product_tag?post=50477"}],"curies":[{"name":"wp","href":"https:\/\/api.w.org\/{rel}","templated":true}]}}