{"id":50476,"date":"2025-07-20T18:19:39","date_gmt":"2025-07-20T16:19:39","guid":{"rendered":"https:\/\/casacumbia.com\/product\/serviette-de-bain-visage-en-coton-motif-casse-noisette-nutcracker\/"},"modified":"2025-09-21T15:15:41","modified_gmt":"2025-09-21T13:15:41","slug":"serviette-de-bain-visage-en-coton-motif-casse-noisette-nutcracker","status":"publish","type":"product","link":"https:\/\/casacumbia.com\/en\/produit\/serviette-de-bain-visage-en-coton-motif-casse-noisette-nutcracker\/","title":{"rendered":"Serviette de Toilette Visage Coton Petit Soldat NUTCRAKER"},"content":{"rendered":"<p>Il s&#8217;agit d&#8217;une collection exclusive de serviettes de bain inspir\u00e9e de l&#8217;histoire classique du casse-noisette qui nous plonge dans l&#8217;atmosph\u00e8re<br \/> magique et nostalgique de No\u00ebl. <br \/> Chaque serviette est brod\u00e9e d&#8217;\u00e9l\u00e9ments qui repr\u00e9sentent la musique et la joie de cette \u00e9poque, qui<br \/> avec le casse-noisette deviennent le compl\u00e9ment parfait pour cr\u00e9er un refuge<br \/> de No\u00ebl chaleureux.<\/p>\n","protected":false},"excerpt":{"rendered":"<p>Il s&#8217;agit d&#8217;une collection exclusive de serviettes de bain inspir\u00e9e de l&#8217;histoire classique du casse-noisette qui nous plonge dans l&#8217;atmosph\u00e8re<\/p>\n","protected":false},"featured_media":32384,"comment_status":"closed","ping_status":"closed","template":"","meta":[],"product_brand":[],"product_cat":[299,204,197],"product_tag":[181,176,166],"class_list":{"0":"post-50476","1":"product","2":"type-product","3":"status-publish","4":"has-post-thumbnail","6":"product_cat-linge-de-bain","7":"product_cat-promotions-2","8":"product_cat-bath-2","9":"product_tag-integre-pim","10":"product_tag-petites-dimensions","11":"product_tag-produits-en-ligne","13":"first","14":"instock","15":"sale","16":"shipping-taxable","17":"purchasable","18":"product-type-simple"},"_links":{"self":[{"href":"https:\/\/casacumbia.com\/en\/wp-json\/wp\/v2\/product\/50476","targetHints":{"allow":["GET"]}}],"collection":[{"href":"https:\/\/casacumbia.com\/en\/wp-json\/wp\/v2\/product"}],"about":[{"href":"https:\/\/casacumbia.com\/en\/wp-json\/wp\/v2\/types\/product"}],"replies":[{"embeddable":true,"href":"https:\/\/casacumbia.com\/en\/wp-json\/wp\/v2\/comments?post=50476"}],"version-history":[{"count":1,"href":"https:\/\/casacumbia.com\/en\/wp-json\/wp\/v2\/product\/50476\/revisions"}],"predecessor-version":[{"id":53459,"href":"https:\/\/casacumbia.com\/en\/wp-json\/wp\/v2\/product\/50476\/revisions\/53459"}],"wp:featuredmedia":[{"embeddable":true,"href":"https:\/\/casacumbia.com\/en\/wp-json\/wp\/v2\/media\/32384"}],"wp:attachment":[{"href":"https:\/\/casacumbia.com\/en\/wp-json\/wp\/v2\/media?parent=50476"}],"wp:term":[{"taxonomy":"product_brand","embeddable":true,"href":"https:\/\/casacumbia.com\/en\/wp-json\/wp\/v2\/product_brand?post=50476"},{"taxonomy":"product_cat","embeddable":true,"href":"https:\/\/casacumbia.com\/en\/wp-json\/wp\/v2\/product_cat?post=50476"},{"taxonomy":"product_tag","embeddable":true,"href":"https:\/\/casacumbia.com\/en\/wp-json\/wp\/v2\/product_tag?post=50476"}],"curies":[{"name":"wp","href":"https:\/\/api.w.org\/{rel}","templated":true}]}}