{"id":50467,"date":"2025-07-20T18:19:50","date_gmt":"2025-07-20T16:19:50","guid":{"rendered":"https:\/\/casacumbia.com\/product\/assiette-a-dessert-mediterranee\/"},"modified":"2025-09-21T15:15:39","modified_gmt":"2025-09-21T13:15:39","slug":"assiette-a-dessert-mediterranee","status":"publish","type":"product","link":"https:\/\/casacumbia.com\/en\/produit\/assiette-a-dessert-mediterranee\/","title":{"rendered":"Assiette \u00e0 dessert M\u00c9DITERRAN\u00c9EN"},"content":{"rendered":"<p>Compos\u00e9 d&#8217;une assiette de pr\u00e9sentation, d&#8217;une assiette plate, d&#8217;une assiette \u00e0 dessert, d&#8217;un bol et de deux tailles de plateau, le Service M\u00e9diterran\u00e9en est un service de table en m\u00e9lamine qui apporte une nouvelle vie au th\u00e8me aquatique et m\u00e9diterran\u00e9en, inspir\u00e9 des tendances Summer Glow et Coastal Inspiration, \u00e0 travers la combinaison des motifs typiquement grecs et des \u00e9l\u00e9ments marins dans un harmonieux m\u00e9lange de couleurs.<\/p>\n","protected":false},"excerpt":{"rendered":"<p>Compos\u00e9 d&#8217;une assiette de pr\u00e9sentation, d&#8217;une assiette plate, d&#8217;une assiette \u00e0 dessert, d&#8217;un bol et de deux tailles de plateau,<\/p>\n","protected":false},"featured_media":32456,"comment_status":"closed","ping_status":"closed","template":"","meta":[],"product_brand":[],"product_cat":[171,283,174,204],"product_tag":[181,176,166],"class_list":{"0":"post-50467","1":"product","2":"type-product","3":"status-publish","4":"has-post-thumbnail","6":"product_cat-table-2","7":"product_cat-assiettes","8":"product_cat-kitchen-2","9":"product_cat-promotions-2","10":"product_tag-integre-pim","11":"product_tag-petites-dimensions","12":"product_tag-produits-en-ligne","14":"first","15":"instock","16":"sale","17":"shipping-taxable","18":"purchasable","19":"product-type-simple"},"_links":{"self":[{"href":"https:\/\/casacumbia.com\/en\/wp-json\/wp\/v2\/product\/50467","targetHints":{"allow":["GET"]}}],"collection":[{"href":"https:\/\/casacumbia.com\/en\/wp-json\/wp\/v2\/product"}],"about":[{"href":"https:\/\/casacumbia.com\/en\/wp-json\/wp\/v2\/types\/product"}],"replies":[{"embeddable":true,"href":"https:\/\/casacumbia.com\/en\/wp-json\/wp\/v2\/comments?post=50467"}],"version-history":[{"count":1,"href":"https:\/\/casacumbia.com\/en\/wp-json\/wp\/v2\/product\/50467\/revisions"}],"predecessor-version":[{"id":52619,"href":"https:\/\/casacumbia.com\/en\/wp-json\/wp\/v2\/product\/50467\/revisions\/52619"}],"wp:featuredmedia":[{"embeddable":true,"href":"https:\/\/casacumbia.com\/en\/wp-json\/wp\/v2\/media\/32456"}],"wp:attachment":[{"href":"https:\/\/casacumbia.com\/en\/wp-json\/wp\/v2\/media?parent=50467"}],"wp:term":[{"taxonomy":"product_brand","embeddable":true,"href":"https:\/\/casacumbia.com\/en\/wp-json\/wp\/v2\/product_brand?post=50467"},{"taxonomy":"product_cat","embeddable":true,"href":"https:\/\/casacumbia.com\/en\/wp-json\/wp\/v2\/product_cat?post=50467"},{"taxonomy":"product_tag","embeddable":true,"href":"https:\/\/casacumbia.com\/en\/wp-json\/wp\/v2\/product_tag?post=50467"}],"curies":[{"name":"wp","href":"https:\/\/api.w.org\/{rel}","templated":true}]}}