{"id":50464,"date":"2025-07-20T18:19:49","date_gmt":"2025-07-20T16:19:49","guid":{"rendered":"https:\/\/casacumbia.com\/product\/bol-en-melamine-sicile\/"},"modified":"2025-09-21T15:15:38","modified_gmt":"2025-09-21T13:15:38","slug":"bol-en-melamine-sicile","status":"publish","type":"product","link":"https:\/\/casacumbia.com\/en\/produit\/bol-en-melamine-sicile\/","title":{"rendered":"Bol en m\u00e9lamine SICILE"},"content":{"rendered":"<p>La Collection Sicile s&#8217;inspire de la fra\u00eecheur m\u00e9diterran\u00e9enne, combinant des illustrations de carreaux traditionnels italiens avec les citrons siciliens caract\u00e9ristiques qui se joignent \u00e0 des \u00e9l\u00e9ments maritimes pleins de couleurs, apportant ainsi un environnement c\u00f4tier parfait pour les repas en plein air ou pour les d\u00eeners formels avec une touche traditionnelle.<\/p>\n","protected":false},"excerpt":{"rendered":"<p>La Collection Sicile s&#8217;inspire de la fra\u00eecheur m\u00e9diterran\u00e9enne, combinant des illustrations de carreaux traditionnels italiens avec les citrons siciliens caract\u00e9ristiques<\/p>\n","protected":false},"featured_media":32436,"comment_status":"closed","ping_status":"closed","template":"","meta":[],"product_brand":[],"product_cat":[280,204],"product_tag":[181,176,166],"class_list":{"0":"post-50464","1":"product","2":"type-product","3":"status-publish","4":"has-post-thumbnail","6":"product_cat-platsetbol","7":"product_cat-promotions-2","8":"product_tag-integre-pim","9":"product_tag-petites-dimensions","10":"product_tag-produits-en-ligne","12":"first","13":"instock","14":"sale","15":"shipping-taxable","16":"purchasable","17":"product-type-simple"},"_links":{"self":[{"href":"https:\/\/casacumbia.com\/en\/wp-json\/wp\/v2\/product\/50464","targetHints":{"allow":["GET"]}}],"collection":[{"href":"https:\/\/casacumbia.com\/en\/wp-json\/wp\/v2\/product"}],"about":[{"href":"https:\/\/casacumbia.com\/en\/wp-json\/wp\/v2\/types\/product"}],"replies":[{"embeddable":true,"href":"https:\/\/casacumbia.com\/en\/wp-json\/wp\/v2\/comments?post=50464"}],"version-history":[{"count":3,"href":"https:\/\/casacumbia.com\/en\/wp-json\/wp\/v2\/product\/50464\/revisions"}],"predecessor-version":[{"id":54340,"href":"https:\/\/casacumbia.com\/en\/wp-json\/wp\/v2\/product\/50464\/revisions\/54340"}],"wp:featuredmedia":[{"embeddable":true,"href":"https:\/\/casacumbia.com\/en\/wp-json\/wp\/v2\/media\/32436"}],"wp:attachment":[{"href":"https:\/\/casacumbia.com\/en\/wp-json\/wp\/v2\/media?parent=50464"}],"wp:term":[{"taxonomy":"product_brand","embeddable":true,"href":"https:\/\/casacumbia.com\/en\/wp-json\/wp\/v2\/product_brand?post=50464"},{"taxonomy":"product_cat","embeddable":true,"href":"https:\/\/casacumbia.com\/en\/wp-json\/wp\/v2\/product_cat?post=50464"},{"taxonomy":"product_tag","embeddable":true,"href":"https:\/\/casacumbia.com\/en\/wp-json\/wp\/v2\/product_tag?post=50464"}],"curies":[{"name":"wp","href":"https:\/\/api.w.org\/{rel}","templated":true}]}}