{"id":50461,"date":"2025-07-20T18:19:50","date_gmt":"2025-07-20T16:19:50","guid":{"rendered":"https:\/\/casacumbia.com\/product\/verre-haut-a-picots-jaune-olympia\/"},"modified":"2025-09-21T15:15:37","modified_gmt":"2025-09-21T13:15:37","slug":"verre-haut-a-picots-jaune-olympia","status":"publish","type":"product","link":"https:\/\/casacumbia.com\/en\/produit\/verre-haut-a-picots-jaune-olympia\/","title":{"rendered":"Verre Haut Picos Jaune OLYMPIA"},"content":{"rendered":"<p>Avec un design audacieux et une personnalit\u00e9 marquante, OLYMPIA se distingue par son relief en pics g\u00e9om\u00e9triques qui transforme chaque verre en une pi\u00e8ce de caract\u00e8re. Fabriqu\u00e9e en verre recycl\u00e9 \u00e9pais et disponible dans des tons intenses, cette collection allie robustesse, texture et couleur, devenant id\u00e9ale pour des tables expressives et pleines de style. <\/p>\n","protected":false},"excerpt":{"rendered":"<p>Avec un design audacieux et une personnalit\u00e9 marquante, OLYMPIA se distingue par son relief en pics g\u00e9om\u00e9triques qui transforme chaque<\/p>\n","protected":false},"featured_media":32469,"comment_status":"closed","ping_status":"closed","template":"","meta":[],"product_brand":[],"product_cat":[174,134,204,255],"product_tag":[181,176,166],"class_list":{"0":"post-50461","1":"product","2":"type-product","3":"status-publish","4":"has-post-thumbnail","6":"product_cat-kitchen-2","7":"product_cat-promotions","8":"product_cat-promotions-2","9":"product_cat-verres","10":"product_tag-integre-pim","11":"product_tag-petites-dimensions","12":"product_tag-produits-en-ligne","14":"first","15":"instock","16":"sale","17":"shipping-taxable","18":"purchasable","19":"product-type-simple"},"_links":{"self":[{"href":"https:\/\/casacumbia.com\/en\/wp-json\/wp\/v2\/product\/50461","targetHints":{"allow":["GET"]}}],"collection":[{"href":"https:\/\/casacumbia.com\/en\/wp-json\/wp\/v2\/product"}],"about":[{"href":"https:\/\/casacumbia.com\/en\/wp-json\/wp\/v2\/types\/product"}],"replies":[{"embeddable":true,"href":"https:\/\/casacumbia.com\/en\/wp-json\/wp\/v2\/comments?post=50461"}],"version-history":[{"count":1,"href":"https:\/\/casacumbia.com\/en\/wp-json\/wp\/v2\/product\/50461\/revisions"}],"predecessor-version":[{"id":52621,"href":"https:\/\/casacumbia.com\/en\/wp-json\/wp\/v2\/product\/50461\/revisions\/52621"}],"wp:featuredmedia":[{"embeddable":true,"href":"https:\/\/casacumbia.com\/en\/wp-json\/wp\/v2\/media\/32469"}],"wp:attachment":[{"href":"https:\/\/casacumbia.com\/en\/wp-json\/wp\/v2\/media?parent=50461"}],"wp:term":[{"taxonomy":"product_brand","embeddable":true,"href":"https:\/\/casacumbia.com\/en\/wp-json\/wp\/v2\/product_brand?post=50461"},{"taxonomy":"product_cat","embeddable":true,"href":"https:\/\/casacumbia.com\/en\/wp-json\/wp\/v2\/product_cat?post=50461"},{"taxonomy":"product_tag","embeddable":true,"href":"https:\/\/casacumbia.com\/en\/wp-json\/wp\/v2\/product_tag?post=50461"}],"curies":[{"name":"wp","href":"https:\/\/api.w.org\/{rel}","templated":true}]}}