{"id":50449,"date":"2025-07-20T18:19:50","date_gmt":"2025-07-20T16:19:50","guid":{"rendered":"https:\/\/casacumbia.com\/product\/ensemble-de-6-tasses-a-cafe-figo\/"},"modified":"2025-09-21T15:15:33","modified_gmt":"2025-09-21T13:15:33","slug":"ensemble-de-6-tasses-a-cafe-figo","status":"publish","type":"product","link":"https:\/\/casacumbia.com\/en\/produit\/ensemble-de-6-tasses-a-cafe-figo\/","title":{"rendered":"Ensemble 6 Tasses \u00e0 Caf\u00e9 FIGO"},"content":{"rendered":"<p>Le figuier a une connexion avec le sacr\u00e9 et repr\u00e9sente le lien entre le ciel et la terre. <br \/>Des mots comme prosp\u00e9rit\u00e9, abondance et immortalit\u00e9 lui sont associ\u00e9s dans diverses traditions.<br \/>Son fruit, la figue, est une excellente source d&#8217;alimentation, car il peut subir le processus de s\u00e9chage et rester bon pour l&#8217;alimentation pendant des mois. <br \/>Pour cette raison, le figuier est consid\u00e9r\u00e9 comme l&#8217;Arbre de Vie.<br \/>Ayant cette symbolique si riche, notre service de f\u00eate s&#8217;inspire de ses feuilles et fruits, avec des illustrations num\u00e9riques riches en d\u00e9grad\u00e9s de couleurs exub\u00e9rantes, et le r\u00e9sultat sont des jardins immersifs surr\u00e9alistes avec des touches m\u00e9talliques dor\u00e9es, apportant tout le raffinement que les festivit\u00e9s m\u00e9ritent.<\/p>\n","protected":false},"excerpt":{"rendered":"<p>Le figuier a une connexion avec le sacr\u00e9 et repr\u00e9sente le lien entre le ciel et la terre. Des mots<\/p>\n","protected":false},"featured_media":32518,"comment_status":"closed","ping_status":"closed","template":"","meta":[],"product_brand":[],"product_cat":[273],"product_tag":[181,176,166],"class_list":{"0":"post-50449","1":"product","2":"type-product","3":"status-publish","4":"has-post-thumbnail","6":"product_cat-servicecafe","7":"product_tag-integre-pim","8":"product_tag-petites-dimensions","9":"product_tag-produits-en-ligne","11":"first","12":"instock","13":"shipping-taxable","14":"purchasable","15":"product-type-simple"},"_links":{"self":[{"href":"https:\/\/casacumbia.com\/en\/wp-json\/wp\/v2\/product\/50449","targetHints":{"allow":["GET"]}}],"collection":[{"href":"https:\/\/casacumbia.com\/en\/wp-json\/wp\/v2\/product"}],"about":[{"href":"https:\/\/casacumbia.com\/en\/wp-json\/wp\/v2\/types\/product"}],"replies":[{"embeddable":true,"href":"https:\/\/casacumbia.com\/en\/wp-json\/wp\/v2\/comments?post=50449"}],"version-history":[{"count":1,"href":"https:\/\/casacumbia.com\/en\/wp-json\/wp\/v2\/product\/50449\/revisions"}],"predecessor-version":[{"id":52611,"href":"https:\/\/casacumbia.com\/en\/wp-json\/wp\/v2\/product\/50449\/revisions\/52611"}],"wp:featuredmedia":[{"embeddable":true,"href":"https:\/\/casacumbia.com\/en\/wp-json\/wp\/v2\/media\/32518"}],"wp:attachment":[{"href":"https:\/\/casacumbia.com\/en\/wp-json\/wp\/v2\/media?parent=50449"}],"wp:term":[{"taxonomy":"product_brand","embeddable":true,"href":"https:\/\/casacumbia.com\/en\/wp-json\/wp\/v2\/product_brand?post=50449"},{"taxonomy":"product_cat","embeddable":true,"href":"https:\/\/casacumbia.com\/en\/wp-json\/wp\/v2\/product_cat?post=50449"},{"taxonomy":"product_tag","embeddable":true,"href":"https:\/\/casacumbia.com\/en\/wp-json\/wp\/v2\/product_tag?post=50449"}],"curies":[{"name":"wp","href":"https:\/\/api.w.org\/{rel}","templated":true}]}}