{"id":50426,"date":"2025-07-20T18:22:36","date_gmt":"2025-07-20T16:22:36","guid":{"rendered":"https:\/\/casacumbia.com\/product\/boite-livre-fleurs-garden-memories-3\/"},"modified":"2025-09-21T15:15:26","modified_gmt":"2025-09-21T13:15:26","slug":"boite-livre-fleurs-garden-memories-3","status":"publish","type":"product","link":"https:\/\/casacumbia.com\/en\/produit\/boite-livre-fleurs-garden-memories-3\/","title":{"rendered":"Bo\u00eete Livre Fleurs GARDEN MEMORIES"},"content":{"rendered":"<p>Des fleurs et fruits sauvages peints \u00e0 la main \u00e0 l&#8217;aquarelle donnent vie \u00e0 cette collection d\u00e9licate et naturelle.<br \/>Inspir\u00e9e par la beaut\u00e9 simple des plantes qui poussent librement, elle \u00e9voque des souvenirs familiaux et des moments tranquilles.<br \/>Parfaite pour ceux qui appr\u00e9cient les d\u00e9tails doux et une touche botanique au quotidien.<\/p>\n","protected":false},"excerpt":{"rendered":"<p>Des fleurs et fruits sauvages peints \u00e0 la main \u00e0 l&#8217;aquarelle donnent vie \u00e0 cette collection d\u00e9licate et naturelle.Inspir\u00e9e par<\/p>\n","protected":false},"featured_media":34642,"comment_status":"closed","ping_status":"closed","template":"","meta":[],"product_brand":[],"product_cat":[260,204],"product_tag":[181,176,166],"class_list":{"0":"post-50426","1":"product","2":"type-product","3":"status-publish","4":"has-post-thumbnail","6":"product_cat-objetdecoratifs","7":"product_cat-promotions-2","8":"product_tag-integre-pim","9":"product_tag-petites-dimensions","10":"product_tag-produits-en-ligne","12":"first","13":"instock","14":"sale","15":"shipping-taxable","16":"purchasable","17":"product-type-simple"},"_links":{"self":[{"href":"https:\/\/casacumbia.com\/en\/wp-json\/wp\/v2\/product\/50426","targetHints":{"allow":["GET"]}}],"collection":[{"href":"https:\/\/casacumbia.com\/en\/wp-json\/wp\/v2\/product"}],"about":[{"href":"https:\/\/casacumbia.com\/en\/wp-json\/wp\/v2\/types\/product"}],"replies":[{"embeddable":true,"href":"https:\/\/casacumbia.com\/en\/wp-json\/wp\/v2\/comments?post=50426"}],"version-history":[{"count":1,"href":"https:\/\/casacumbia.com\/en\/wp-json\/wp\/v2\/product\/50426\/revisions"}],"predecessor-version":[{"id":52220,"href":"https:\/\/casacumbia.com\/en\/wp-json\/wp\/v2\/product\/50426\/revisions\/52220"}],"wp:featuredmedia":[{"embeddable":true,"href":"https:\/\/casacumbia.com\/en\/wp-json\/wp\/v2\/media\/34642"}],"wp:attachment":[{"href":"https:\/\/casacumbia.com\/en\/wp-json\/wp\/v2\/media?parent=50426"}],"wp:term":[{"taxonomy":"product_brand","embeddable":true,"href":"https:\/\/casacumbia.com\/en\/wp-json\/wp\/v2\/product_brand?post=50426"},{"taxonomy":"product_cat","embeddable":true,"href":"https:\/\/casacumbia.com\/en\/wp-json\/wp\/v2\/product_cat?post=50426"},{"taxonomy":"product_tag","embeddable":true,"href":"https:\/\/casacumbia.com\/en\/wp-json\/wp\/v2\/product_tag?post=50426"}],"curies":[{"name":"wp","href":"https:\/\/api.w.org\/{rel}","templated":true}]}}