{"id":50425,"date":"2025-07-20T18:22:36","date_gmt":"2025-07-20T16:22:36","guid":{"rendered":"https:\/\/casacumbia.com\/product\/boite-livre-bleu-kiosk-3\/"},"modified":"2025-09-21T15:15:26","modified_gmt":"2025-09-21T13:15:26","slug":"boite-livre-bleu-kiosk-3","status":"publish","type":"product","link":"https:\/\/casacumbia.com\/en\/produit\/boite-livre-bleu-kiosk-3\/","title":{"rendered":"Bo\u00eete Livre Bleue KIOSK"},"content":{"rendered":"<p>Cette collection s&#8217;inspire des kiosques traditionnels portugais qui, avec leurs couleurs et formes originales, font partie du quotidien de tous dans diverses villes.<br \/>\u00c0 l&#8217;instar de la collection Village, elle vise \u00e0 valoriser une fois de plus la communaut\u00e9 locale, en renfor\u00e7ant son importance dans la caract\u00e9risation de la ville, en soutenant les commerces locaux et le sens de la communaut\u00e9.<\/p>\n","protected":false},"excerpt":{"rendered":"<p>Cette collection s&#8217;inspire des kiosques traditionnels portugais qui, avec leurs couleurs et formes originales, font partie du quotidien de tous<\/p>\n","protected":false},"featured_media":34651,"comment_status":"closed","ping_status":"closed","template":"","meta":[],"product_brand":[],"product_cat":[260,204],"product_tag":[181,176,166],"class_list":{"0":"post-50425","1":"product","2":"type-product","3":"status-publish","4":"has-post-thumbnail","6":"product_cat-objetdecoratifs","7":"product_cat-promotions-2","8":"product_tag-integre-pim","9":"product_tag-petites-dimensions","10":"product_tag-produits-en-ligne","12":"first","13":"instock","14":"sale","15":"shipping-taxable","16":"purchasable","17":"product-type-simple"},"_links":{"self":[{"href":"https:\/\/casacumbia.com\/en\/wp-json\/wp\/v2\/product\/50425","targetHints":{"allow":["GET"]}}],"collection":[{"href":"https:\/\/casacumbia.com\/en\/wp-json\/wp\/v2\/product"}],"about":[{"href":"https:\/\/casacumbia.com\/en\/wp-json\/wp\/v2\/types\/product"}],"replies":[{"embeddable":true,"href":"https:\/\/casacumbia.com\/en\/wp-json\/wp\/v2\/comments?post=50425"}],"version-history":[{"count":1,"href":"https:\/\/casacumbia.com\/en\/wp-json\/wp\/v2\/product\/50425\/revisions"}],"predecessor-version":[{"id":52349,"href":"https:\/\/casacumbia.com\/en\/wp-json\/wp\/v2\/product\/50425\/revisions\/52349"}],"wp:featuredmedia":[{"embeddable":true,"href":"https:\/\/casacumbia.com\/en\/wp-json\/wp\/v2\/media\/34651"}],"wp:attachment":[{"href":"https:\/\/casacumbia.com\/en\/wp-json\/wp\/v2\/media?parent=50425"}],"wp:term":[{"taxonomy":"product_brand","embeddable":true,"href":"https:\/\/casacumbia.com\/en\/wp-json\/wp\/v2\/product_brand?post=50425"},{"taxonomy":"product_cat","embeddable":true,"href":"https:\/\/casacumbia.com\/en\/wp-json\/wp\/v2\/product_cat?post=50425"},{"taxonomy":"product_tag","embeddable":true,"href":"https:\/\/casacumbia.com\/en\/wp-json\/wp\/v2\/product_tag?post=50425"}],"curies":[{"name":"wp","href":"https:\/\/api.w.org\/{rel}","templated":true}]}}