{"id":50416,"date":"2025-07-20T18:22:36","date_gmt":"2025-07-20T16:22:36","guid":{"rendered":"https:\/\/casacumbia.com\/product\/boite-livre-fleurs-spring-bloom\/"},"modified":"2025-09-21T15:15:23","modified_gmt":"2025-09-21T13:15:23","slug":"boite-livre-fleurs-spring-bloom","status":"publish","type":"product","link":"https:\/\/casacumbia.com\/en\/produit\/boite-livre-fleurs-spring-bloom\/","title":{"rendered":"Bo\u00eete Livre Fleurs SPRING BLOOM"},"content":{"rendered":"<p>Dans la Collection Spring Bloom, les illustrations de fleurs \u00e0 diff\u00e9rentes \u00e9chelles, dans diverses couleurs et volumes, ainsi que les contours irr\u00e9guliers, apportent la nature \u00e0 l&#8217;int\u00e9rieur de la maison de mani\u00e8re enchanteresse.<\/p>\n","protected":false},"excerpt":{"rendered":"<p>Dans la Collection Spring Bloom, les illustrations de fleurs \u00e0 diff\u00e9rentes \u00e9chelles, dans diverses couleurs et volumes, ainsi que les<\/p>\n","protected":false},"featured_media":34705,"comment_status":"closed","ping_status":"closed","template":"","meta":[],"product_brand":[],"product_cat":[260,204],"product_tag":[181,176,166],"class_list":{"0":"post-50416","1":"product","2":"type-product","3":"status-publish","4":"has-post-thumbnail","6":"product_cat-objetdecoratifs","7":"product_cat-promotions-2","8":"product_tag-integre-pim","9":"product_tag-petites-dimensions","10":"product_tag-produits-en-ligne","12":"first","13":"instock","14":"sale","15":"shipping-taxable","16":"purchasable","17":"product-type-simple"},"_links":{"self":[{"href":"https:\/\/casacumbia.com\/en\/wp-json\/wp\/v2\/product\/50416","targetHints":{"allow":["GET"]}}],"collection":[{"href":"https:\/\/casacumbia.com\/en\/wp-json\/wp\/v2\/product"}],"about":[{"href":"https:\/\/casacumbia.com\/en\/wp-json\/wp\/v2\/types\/product"}],"replies":[{"embeddable":true,"href":"https:\/\/casacumbia.com\/en\/wp-json\/wp\/v2\/comments?post=50416"}],"version-history":[{"count":1,"href":"https:\/\/casacumbia.com\/en\/wp-json\/wp\/v2\/product\/50416\/revisions"}],"predecessor-version":[{"id":52339,"href":"https:\/\/casacumbia.com\/en\/wp-json\/wp\/v2\/product\/50416\/revisions\/52339"}],"wp:featuredmedia":[{"embeddable":true,"href":"https:\/\/casacumbia.com\/en\/wp-json\/wp\/v2\/media\/34705"}],"wp:attachment":[{"href":"https:\/\/casacumbia.com\/en\/wp-json\/wp\/v2\/media?parent=50416"}],"wp:term":[{"taxonomy":"product_brand","embeddable":true,"href":"https:\/\/casacumbia.com\/en\/wp-json\/wp\/v2\/product_brand?post=50416"},{"taxonomy":"product_cat","embeddable":true,"href":"https:\/\/casacumbia.com\/en\/wp-json\/wp\/v2\/product_cat?post=50416"},{"taxonomy":"product_tag","embeddable":true,"href":"https:\/\/casacumbia.com\/en\/wp-json\/wp\/v2\/product_tag?post=50416"}],"curies":[{"name":"wp","href":"https:\/\/api.w.org\/{rel}","templated":true}]}}