{"id":50413,"date":"2025-07-20T18:22:48","date_gmt":"2025-07-20T16:22:48","guid":{"rendered":"https:\/\/casacumbia.com\/product\/boite-livre-verte-village\/"},"modified":"2025-09-21T15:15:23","modified_gmt":"2025-09-21T13:15:23","slug":"boite-livre-verte-village","status":"publish","type":"product","link":"https:\/\/casacumbia.com\/en\/produit\/boite-livre-verte-village\/","title":{"rendered":"Bo\u00eete Livre Vert VILLAGE"},"content":{"rendered":"<p>La c\u00e9l\u00e9bration de la communaut\u00e9 locale et la convivialit\u00e9 entre le voisinage. Repr\u00e9sente les maisons de nous tous, qui c\u00f4te \u00e0 c\u00f4te construisent notre rue.<\/p>\n","protected":false},"excerpt":{"rendered":"<p>La c\u00e9l\u00e9bration de la communaut\u00e9 locale et la convivialit\u00e9 entre le voisinage. Repr\u00e9sente les maisons de nous tous, qui c\u00f4te<\/p>\n","protected":false},"featured_media":34758,"comment_status":"closed","ping_status":"closed","template":"","meta":[],"product_brand":[],"product_cat":[260,204],"product_tag":[181,176,166],"class_list":{"0":"post-50413","1":"product","2":"type-product","3":"status-publish","4":"has-post-thumbnail","6":"product_cat-objetdecoratifs","7":"product_cat-promotions-2","8":"product_tag-integre-pim","9":"product_tag-petites-dimensions","10":"product_tag-produits-en-ligne","12":"first","13":"instock","14":"sale","15":"shipping-taxable","16":"purchasable","17":"product-type-simple"},"_links":{"self":[{"href":"https:\/\/casacumbia.com\/en\/wp-json\/wp\/v2\/product\/50413","targetHints":{"allow":["GET"]}}],"collection":[{"href":"https:\/\/casacumbia.com\/en\/wp-json\/wp\/v2\/product"}],"about":[{"href":"https:\/\/casacumbia.com\/en\/wp-json\/wp\/v2\/types\/product"}],"replies":[{"embeddable":true,"href":"https:\/\/casacumbia.com\/en\/wp-json\/wp\/v2\/comments?post=50413"}],"version-history":[{"count":1,"href":"https:\/\/casacumbia.com\/en\/wp-json\/wp\/v2\/product\/50413\/revisions"}],"predecessor-version":[{"id":53394,"href":"https:\/\/casacumbia.com\/en\/wp-json\/wp\/v2\/product\/50413\/revisions\/53394"}],"wp:featuredmedia":[{"embeddable":true,"href":"https:\/\/casacumbia.com\/en\/wp-json\/wp\/v2\/media\/34758"}],"wp:attachment":[{"href":"https:\/\/casacumbia.com\/en\/wp-json\/wp\/v2\/media?parent=50413"}],"wp:term":[{"taxonomy":"product_brand","embeddable":true,"href":"https:\/\/casacumbia.com\/en\/wp-json\/wp\/v2\/product_brand?post=50413"},{"taxonomy":"product_cat","embeddable":true,"href":"https:\/\/casacumbia.com\/en\/wp-json\/wp\/v2\/product_cat?post=50413"},{"taxonomy":"product_tag","embeddable":true,"href":"https:\/\/casacumbia.com\/en\/wp-json\/wp\/v2\/product_tag?post=50413"}],"curies":[{"name":"wp","href":"https:\/\/api.w.org\/{rel}","templated":true}]}}