{"id":50408,"date":"2025-07-20T18:22:48","date_gmt":"2025-07-20T16:22:48","guid":{"rendered":"https:\/\/casacumbia.com\/product\/voile-gris-15x75-rustik\/"},"modified":"2025-09-21T15:15:21","modified_gmt":"2025-09-21T13:15:21","slug":"voile-gris-15x75-rustik","status":"publish","type":"product","link":"https:\/\/casacumbia.com\/en\/produit\/voile-gris-15x75-rustik\/","title":{"rendered":"Bougie Grise 15&#215;7,5 RUSTIK"},"content":{"rendered":"<p>Avec cette collection de bougies rustiques, il est temps de transformer votre maison en un refuge accueillant et \u00e9l\u00e9gant. Les bougies jouent un r\u00f4le fondamental dans cette transformation, non seulement en procurant une lumi\u00e8re douce et r\u00e9confortante, mais aussi en ajoutant une touche de style et de sophistication \u00e0 n&#8217;importe quel environnement. <\/p>\n","protected":false},"excerpt":{"rendered":"<p>Avec cette collection de bougies rustiques, il est temps de transformer votre maison en un refuge accueillant et \u00e9l\u00e9gant. Les<\/p>\n","protected":false},"featured_media":30414,"comment_status":"closed","ping_status":"closed","template":"","meta":[],"product_brand":[],"product_cat":[264],"product_tag":[181,176,166],"class_list":{"0":"post-50408","1":"product","2":"type-product","3":"status-publish","4":"has-post-thumbnail","6":"product_cat-bougies","7":"product_tag-integre-pim","8":"product_tag-petites-dimensions","9":"product_tag-produits-en-ligne","11":"first","12":"instock","13":"shipping-taxable","14":"purchasable","15":"product-type-simple"},"_links":{"self":[{"href":"https:\/\/casacumbia.com\/en\/wp-json\/wp\/v2\/product\/50408","targetHints":{"allow":["GET"]}}],"collection":[{"href":"https:\/\/casacumbia.com\/en\/wp-json\/wp\/v2\/product"}],"about":[{"href":"https:\/\/casacumbia.com\/en\/wp-json\/wp\/v2\/types\/product"}],"replies":[{"embeddable":true,"href":"https:\/\/casacumbia.com\/en\/wp-json\/wp\/v2\/comments?post=50408"}],"version-history":[{"count":1,"href":"https:\/\/casacumbia.com\/en\/wp-json\/wp\/v2\/product\/50408\/revisions"}],"predecessor-version":[{"id":53388,"href":"https:\/\/casacumbia.com\/en\/wp-json\/wp\/v2\/product\/50408\/revisions\/53388"}],"wp:featuredmedia":[{"embeddable":true,"href":"https:\/\/casacumbia.com\/en\/wp-json\/wp\/v2\/media\/30414"}],"wp:attachment":[{"href":"https:\/\/casacumbia.com\/en\/wp-json\/wp\/v2\/media?parent=50408"}],"wp:term":[{"taxonomy":"product_brand","embeddable":true,"href":"https:\/\/casacumbia.com\/en\/wp-json\/wp\/v2\/product_brand?post=50408"},{"taxonomy":"product_cat","embeddable":true,"href":"https:\/\/casacumbia.com\/en\/wp-json\/wp\/v2\/product_cat?post=50408"},{"taxonomy":"product_tag","embeddable":true,"href":"https:\/\/casacumbia.com\/en\/wp-json\/wp\/v2\/product_tag?post=50408"}],"curies":[{"name":"wp","href":"https:\/\/api.w.org\/{rel}","templated":true}]}}