{"id":50405,"date":"2025-07-20T18:22:48","date_gmt":"2025-07-20T16:22:48","guid":{"rendered":"https:\/\/casacumbia.com\/product\/boite-a-biscuits-musicale-christmas-village\/"},"modified":"2025-09-21T15:15:21","modified_gmt":"2025-09-21T13:15:21","slug":"boite-a-biscuits-musicale-christmas-village","status":"publish","type":"product","link":"https:\/\/casacumbia.com\/en\/produit\/boite-a-biscuits-musicale-christmas-village\/","title":{"rendered":"Bo\u00eete de Biscuits avec Musique CHRISTMAS VILLAGE"},"content":{"rendered":"<p>Dans la collection Christmas Village, nous nous perdons dans le typique Village de No\u00ebl, o\u00f9 les maisons d\u00e9cor\u00e9es par les lumi\u00e8res de No\u00ebl et par la neige nous transportent dans une ambiance magique et chaleureuse o\u00f9 m\u00eame le typique bonhomme de neige est sp\u00e9cial.<\/p>\n","protected":false},"excerpt":{"rendered":"<p>Dans la collection Christmas Village, nous nous perdons dans le typique Village de No\u00ebl, o\u00f9 les maisons d\u00e9cor\u00e9es par les<\/p>\n","protected":false},"featured_media":34809,"comment_status":"closed","ping_status":"closed","template":"","meta":[],"product_brand":[],"product_cat":[276],"product_tag":[181,176,166],"class_list":{"0":"post-50405","1":"product","2":"type-product","3":"status-publish","4":"has-post-thumbnail","6":"product_cat-deconoel","7":"product_tag-integre-pim","8":"product_tag-petites-dimensions","9":"product_tag-produits-en-ligne","11":"first","12":"instock","13":"shipping-taxable","14":"purchasable","15":"product-type-simple"},"_links":{"self":[{"href":"https:\/\/casacumbia.com\/en\/wp-json\/wp\/v2\/product\/50405","targetHints":{"allow":["GET"]}}],"collection":[{"href":"https:\/\/casacumbia.com\/en\/wp-json\/wp\/v2\/product"}],"about":[{"href":"https:\/\/casacumbia.com\/en\/wp-json\/wp\/v2\/types\/product"}],"replies":[{"embeddable":true,"href":"https:\/\/casacumbia.com\/en\/wp-json\/wp\/v2\/comments?post=50405"}],"version-history":[{"count":1,"href":"https:\/\/casacumbia.com\/en\/wp-json\/wp\/v2\/product\/50405\/revisions"}],"predecessor-version":[{"id":52223,"href":"https:\/\/casacumbia.com\/en\/wp-json\/wp\/v2\/product\/50405\/revisions\/52223"}],"wp:featuredmedia":[{"embeddable":true,"href":"https:\/\/casacumbia.com\/en\/wp-json\/wp\/v2\/media\/34809"}],"wp:attachment":[{"href":"https:\/\/casacumbia.com\/en\/wp-json\/wp\/v2\/media?parent=50405"}],"wp:term":[{"taxonomy":"product_brand","embeddable":true,"href":"https:\/\/casacumbia.com\/en\/wp-json\/wp\/v2\/product_brand?post=50405"},{"taxonomy":"product_cat","embeddable":true,"href":"https:\/\/casacumbia.com\/en\/wp-json\/wp\/v2\/product_cat?post=50405"},{"taxonomy":"product_tag","embeddable":true,"href":"https:\/\/casacumbia.com\/en\/wp-json\/wp\/v2\/product_tag?post=50405"}],"curies":[{"name":"wp","href":"https:\/\/api.w.org\/{rel}","templated":true}]}}