{"id":50403,"date":"2025-07-20T18:22:48","date_gmt":"2025-07-20T16:22:48","guid":{"rendered":"https:\/\/casacumbia.com\/product\/housse-de-coussin-chenille-zigzag-vert-fonce-60x60-simone\/"},"modified":"2025-09-21T15:15:20","modified_gmt":"2025-09-21T13:15:20","slug":"housse-de-coussin-chenille-zigzag-vert-fonce-60x60-simone","status":"publish","type":"product","link":"https:\/\/casacumbia.com\/en\/produit\/housse-de-coussin-chenille-zigzag-vert-fonce-60x60-simone\/","title":{"rendered":"Housse de Coussin Chenille Zigzag Vert Fonc\u00e9 60&#215;60 SIMONE"},"content":{"rendered":"<p>Inspir\u00e9e par la tendance \u00ab Historical Twist \u00bb qui apporte une approche contemporaine au style r\u00e9tro, la collection Simone s\u00e9duit avec un m\u00e9lange sophistiqu\u00e9 de couleurs et de contrastes marquants, o\u00f9 les tons sombres s&#8217;unissent aux d\u00e9tails dor\u00e9s. Cette collection apporte une inspiration rafra\u00eechissante de la nature, avec des motifs et des imprim\u00e9s qui \u00e9voquent les feuilles, les fleurs et les motifs organiques, en faisant un v\u00e9ritable \u00ab must have \u00bb de cette saison. <\/p>\n","protected":false},"excerpt":{"rendered":"<p>Inspir\u00e9e par la tendance \u00ab Historical Twist \u00bb qui apporte une approche contemporaine au style r\u00e9tro, la collection Simone s\u00e9duit<\/p>\n","protected":false},"featured_media":34813,"comment_status":"closed","ping_status":"closed","template":"","meta":[],"product_brand":[],"product_cat":[238,182,204],"product_tag":[181,176,166],"class_list":{"0":"post-50403","1":"product","2":"type-product","3":"status-publish","4":"has-post-thumbnail","6":"product_cat-coussins","7":"product_cat-textiles-2","8":"product_cat-promotions-2","9":"product_tag-integre-pim","10":"product_tag-petites-dimensions","11":"product_tag-produits-en-ligne","13":"first","14":"instock","15":"sale","16":"shipping-taxable","17":"purchasable","18":"product-type-simple"},"_links":{"self":[{"href":"https:\/\/casacumbia.com\/en\/wp-json\/wp\/v2\/product\/50403","targetHints":{"allow":["GET"]}}],"collection":[{"href":"https:\/\/casacumbia.com\/en\/wp-json\/wp\/v2\/product"}],"about":[{"href":"https:\/\/casacumbia.com\/en\/wp-json\/wp\/v2\/types\/product"}],"replies":[{"embeddable":true,"href":"https:\/\/casacumbia.com\/en\/wp-json\/wp\/v2\/comments?post=50403"}],"version-history":[{"count":1,"href":"https:\/\/casacumbia.com\/en\/wp-json\/wp\/v2\/product\/50403\/revisions"}],"predecessor-version":[{"id":52221,"href":"https:\/\/casacumbia.com\/en\/wp-json\/wp\/v2\/product\/50403\/revisions\/52221"}],"wp:featuredmedia":[{"embeddable":true,"href":"https:\/\/casacumbia.com\/en\/wp-json\/wp\/v2\/media\/34813"}],"wp:attachment":[{"href":"https:\/\/casacumbia.com\/en\/wp-json\/wp\/v2\/media?parent=50403"}],"wp:term":[{"taxonomy":"product_brand","embeddable":true,"href":"https:\/\/casacumbia.com\/en\/wp-json\/wp\/v2\/product_brand?post=50403"},{"taxonomy":"product_cat","embeddable":true,"href":"https:\/\/casacumbia.com\/en\/wp-json\/wp\/v2\/product_cat?post=50403"},{"taxonomy":"product_tag","embeddable":true,"href":"https:\/\/casacumbia.com\/en\/wp-json\/wp\/v2\/product_tag?post=50403"}],"curies":[{"name":"wp","href":"https:\/\/api.w.org\/{rel}","templated":true}]}}