{"id":50382,"date":"2025-07-20T18:22:23","date_gmt":"2025-07-20T16:22:23","guid":{"rendered":"https:\/\/casacumbia.com\/product\/lunch-bag-en-neoprene-multicolore-tropical\/"},"modified":"2025-09-21T15:15:14","modified_gmt":"2025-09-21T13:15:14","slug":"lunch-bag-en-neoprene-multicolore-tropical","status":"publish","type":"product","link":"https:\/\/casacumbia.com\/en\/produit\/lunch-bag-en-neoprene-multicolore-tropical\/","title":{"rendered":"Sac isotherme n\u00e9opr\u00e8ne multicolore TROPICAL"},"content":{"rendered":"<p>Couleurs vibrantes, fruits exotiques et beaucoup de personnalit\u00e9. Le m\u00e9lange inattendu de banane et de pitaya donne le ton de cette collection pleine d&#8217;\u00e9nergie tropicale. <\/p>\n","protected":false},"excerpt":{"rendered":"<p>Couleurs vibrantes, fruits exotiques et beaucoup de personnalit\u00e9. Le m\u00e9lange inattendu de banane et de pitaya donne le ton de<\/p>\n","protected":false},"featured_media":34424,"comment_status":"closed","ping_status":"closed","template":"","meta":[],"product_brand":[],"product_cat":[305,204],"product_tag":[181,176,166],"class_list":{"0":"post-50382","1":"product","2":"type-product","3":"status-publish","4":"has-post-thumbnail","6":"product_cat-accessoires-sacs-tote-bags","7":"product_cat-promotions-2","8":"product_tag-integre-pim","9":"product_tag-petites-dimensions","10":"product_tag-produits-en-ligne","12":"first","13":"instock","14":"sale","15":"shipping-taxable","16":"purchasable","17":"product-type-simple"},"_links":{"self":[{"href":"https:\/\/casacumbia.com\/en\/wp-json\/wp\/v2\/product\/50382","targetHints":{"allow":["GET"]}}],"collection":[{"href":"https:\/\/casacumbia.com\/en\/wp-json\/wp\/v2\/product"}],"about":[{"href":"https:\/\/casacumbia.com\/en\/wp-json\/wp\/v2\/types\/product"}],"replies":[{"embeddable":true,"href":"https:\/\/casacumbia.com\/en\/wp-json\/wp\/v2\/comments?post=50382"}],"version-history":[{"count":1,"href":"https:\/\/casacumbia.com\/en\/wp-json\/wp\/v2\/product\/50382\/revisions"}],"predecessor-version":[{"id":53369,"href":"https:\/\/casacumbia.com\/en\/wp-json\/wp\/v2\/product\/50382\/revisions\/53369"}],"wp:featuredmedia":[{"embeddable":true,"href":"https:\/\/casacumbia.com\/en\/wp-json\/wp\/v2\/media\/34424"}],"wp:attachment":[{"href":"https:\/\/casacumbia.com\/en\/wp-json\/wp\/v2\/media?parent=50382"}],"wp:term":[{"taxonomy":"product_brand","embeddable":true,"href":"https:\/\/casacumbia.com\/en\/wp-json\/wp\/v2\/product_brand?post=50382"},{"taxonomy":"product_cat","embeddable":true,"href":"https:\/\/casacumbia.com\/en\/wp-json\/wp\/v2\/product_cat?post=50382"},{"taxonomy":"product_tag","embeddable":true,"href":"https:\/\/casacumbia.com\/en\/wp-json\/wp\/v2\/product_tag?post=50382"}],"curies":[{"name":"wp","href":"https:\/\/api.w.org\/{rel}","templated":true}]}}