{"id":50378,"date":"2025-07-20T18:22:23","date_gmt":"2025-07-20T16:22:23","guid":{"rendered":"https:\/\/casacumbia.com\/product\/assiette-plate-en-melamine-tropical\/"},"modified":"2025-09-21T15:15:13","modified_gmt":"2025-09-21T13:15:13","slug":"assiette-plate-en-melamine-tropical","status":"publish","type":"product","link":"https:\/\/casacumbia.com\/en\/produit\/assiette-plate-en-melamine-tropical\/","title":{"rendered":"Assiette Plate en M\u00e9lamine TROPICAL"},"content":{"rendered":"<p>La Collection Tropical pr\u00e9sente des contrastes satur\u00e9s \u00e9clatants et des formes ornementales qui donnent vie \u00e0 des designs audacieux et amusants, et qui ajoutent certainement une touche de personnalit\u00e9 aux rassemblements d&#8217;\u00e9t\u00e9.<br \/>Embrassez l&#8217;\u00e9nergie vibrante des tropiques avec la Collection Tropical, avec des \u00e9l\u00e9ments tropicaux peints \u00e0 la main comme la papaye, le pitaya et la banane qui dansent en harmonie sur des assiettes en m\u00e9lamine.<\/p>\n","protected":false},"excerpt":{"rendered":"<p>La Collection Tropical pr\u00e9sente des contrastes satur\u00e9s \u00e9clatants et des formes ornementales qui donnent vie \u00e0 des designs audacieux et<\/p>\n","protected":false},"featured_media":34410,"comment_status":"closed","ping_status":"closed","template":"","meta":[],"product_brand":[],"product_cat":[283,174,204],"product_tag":[181,176,166],"class_list":{"0":"post-50378","1":"product","2":"type-product","3":"status-publish","4":"has-post-thumbnail","6":"product_cat-assiettes","7":"product_cat-kitchen-2","8":"product_cat-promotions-2","9":"product_tag-integre-pim","10":"product_tag-petites-dimensions","11":"product_tag-produits-en-ligne","13":"first","14":"instock","15":"sale","16":"shipping-taxable","17":"purchasable","18":"product-type-simple"},"_links":{"self":[{"href":"https:\/\/casacumbia.com\/en\/wp-json\/wp\/v2\/product\/50378","targetHints":{"allow":["GET"]}}],"collection":[{"href":"https:\/\/casacumbia.com\/en\/wp-json\/wp\/v2\/product"}],"about":[{"href":"https:\/\/casacumbia.com\/en\/wp-json\/wp\/v2\/types\/product"}],"replies":[{"embeddable":true,"href":"https:\/\/casacumbia.com\/en\/wp-json\/wp\/v2\/comments?post=50378"}],"version-history":[{"count":1,"href":"https:\/\/casacumbia.com\/en\/wp-json\/wp\/v2\/product\/50378\/revisions"}],"predecessor-version":[{"id":53375,"href":"https:\/\/casacumbia.com\/en\/wp-json\/wp\/v2\/product\/50378\/revisions\/53375"}],"wp:featuredmedia":[{"embeddable":true,"href":"https:\/\/casacumbia.com\/en\/wp-json\/wp\/v2\/media\/34410"}],"wp:attachment":[{"href":"https:\/\/casacumbia.com\/en\/wp-json\/wp\/v2\/media?parent=50378"}],"wp:term":[{"taxonomy":"product_brand","embeddable":true,"href":"https:\/\/casacumbia.com\/en\/wp-json\/wp\/v2\/product_brand?post=50378"},{"taxonomy":"product_cat","embeddable":true,"href":"https:\/\/casacumbia.com\/en\/wp-json\/wp\/v2\/product_cat?post=50378"},{"taxonomy":"product_tag","embeddable":true,"href":"https:\/\/casacumbia.com\/en\/wp-json\/wp\/v2\/product_tag?post=50378"}],"curies":[{"name":"wp","href":"https:\/\/api.w.org\/{rel}","templated":true}]}}