{"id":50375,"date":"2025-07-20T18:22:23","date_gmt":"2025-07-20T16:22:23","guid":{"rendered":"https:\/\/casacumbia.com\/product\/grande-boite-cadeau-de-noel\/"},"modified":"2025-09-21T15:15:12","modified_gmt":"2025-09-21T13:15:12","slug":"grande-boite-cadeau-de-noel","status":"publish","type":"product","link":"https:\/\/casacumbia.com\/en\/produit\/grande-boite-cadeau-de-noel\/","title":{"rendered":"Bo\u00eete Cadeau No\u00ebl Grande"},"content":{"rendered":"<p>Les bo\u00eetes cadeaux, personnalis\u00e9es exclusivement pour c\u00e9l\u00e9brer cette p\u00e9riode de No\u00ebl, sont une fa\u00e7on originale d&#8217;offrir des pr\u00e9sents \u00e0 vos amis et votre famille en cette p\u00e9riode si sp\u00e9ciale. Disponibles en grande ou petite taille, elles sont parfaites pour ranger de petits objets ou m\u00eame servir d&#8217;objet d\u00e9coratif. Si vous manquez d&#8217;id\u00e9es sur ce qu&#8217;il faut mettre dans la bo\u00eete, profitez \u00e9galement de nos suggestions Gift Box et brillez ce No\u00ebl !  <\/p>\n","protected":false},"excerpt":{"rendered":"<p>Les bo\u00eetes cadeaux, personnalis\u00e9es exclusivement pour c\u00e9l\u00e9brer cette p\u00e9riode de No\u00ebl, sont une fa\u00e7on originale d&#8217;offrir des pr\u00e9sents \u00e0 vos<\/p>\n","protected":false},"featured_media":34445,"comment_status":"closed","ping_status":"closed","template":"","meta":[],"product_brand":[],"product_cat":[313],"product_tag":[181,176,166],"class_list":{"0":"post-50375","1":"product","2":"type-product","3":"status-publish","4":"has-post-thumbnail","6":"product_cat-boites-cadeaux-de-noel","7":"product_tag-integre-pim","8":"product_tag-petites-dimensions","9":"product_tag-produits-en-ligne","11":"first","12":"instock","13":"shipping-taxable","14":"purchasable","15":"product-type-simple"},"_links":{"self":[{"href":"https:\/\/casacumbia.com\/en\/wp-json\/wp\/v2\/product\/50375","targetHints":{"allow":["GET"]}}],"collection":[{"href":"https:\/\/casacumbia.com\/en\/wp-json\/wp\/v2\/product"}],"about":[{"href":"https:\/\/casacumbia.com\/en\/wp-json\/wp\/v2\/types\/product"}],"replies":[{"embeddable":true,"href":"https:\/\/casacumbia.com\/en\/wp-json\/wp\/v2\/comments?post=50375"}],"version-history":[{"count":1,"href":"https:\/\/casacumbia.com\/en\/wp-json\/wp\/v2\/product\/50375\/revisions"}],"predecessor-version":[{"id":53372,"href":"https:\/\/casacumbia.com\/en\/wp-json\/wp\/v2\/product\/50375\/revisions\/53372"}],"wp:featuredmedia":[{"embeddable":true,"href":"https:\/\/casacumbia.com\/en\/wp-json\/wp\/v2\/media\/34445"}],"wp:attachment":[{"href":"https:\/\/casacumbia.com\/en\/wp-json\/wp\/v2\/media?parent=50375"}],"wp:term":[{"taxonomy":"product_brand","embeddable":true,"href":"https:\/\/casacumbia.com\/en\/wp-json\/wp\/v2\/product_brand?post=50375"},{"taxonomy":"product_cat","embeddable":true,"href":"https:\/\/casacumbia.com\/en\/wp-json\/wp\/v2\/product_cat?post=50375"},{"taxonomy":"product_tag","embeddable":true,"href":"https:\/\/casacumbia.com\/en\/wp-json\/wp\/v2\/product_tag?post=50375"}],"curies":[{"name":"wp","href":"https:\/\/api.w.org\/{rel}","templated":true}]}}