{"id":50371,"date":"2025-07-20T18:22:23","date_gmt":"2025-07-20T16:22:23","guid":{"rendered":"https:\/\/casacumbia.com\/product\/housse-pour-ordinateur-portable-en-neoprene-geometrique-groovy\/"},"modified":"2025-09-21T15:15:11","modified_gmt":"2025-09-21T13:15:11","slug":"housse-pour-ordinateur-portable-en-neoprene-geometrique-groovy","status":"publish","type":"product","link":"https:\/\/casacumbia.com\/en\/produit\/housse-pour-ordinateur-portable-en-neoprene-geometrique-groovy\/","title":{"rendered":"Housse pour Ordinateur Portable N\u00e9opr\u00e8ne G\u00e9om\u00e9trique GROOVY"},"content":{"rendered":"<p>Cette collection s&#8217;inspire des formes et couleurs vibrantes des ann\u00e9es 70, une d\u00e9cennie qui continue d&#8217;influencer les tendances actuelles.<br \/>Avec une \u00e9nergie contagieuse, la collection c\u00e9l\u00e8bre la joie \u00e0 travers des formes g\u00e9om\u00e9triques qui s&#8217;entrelacent et s&#8217;amusent, apportant une touche de groove unique et nostalgique.<\/p>\n","protected":false},"excerpt":{"rendered":"<p>Cette collection s&#8217;inspire des formes et couleurs vibrantes des ann\u00e9es 70, une d\u00e9cennie qui continue d&#8217;influencer les tendances actuelles.Avec une<\/p>\n","protected":false},"featured_media":34479,"comment_status":"closed","ping_status":"closed","template":"","meta":[],"product_brand":[],"product_cat":[204,134,312],"product_tag":[181,176,166],"class_list":{"0":"post-50371","1":"product","2":"type-product","3":"status-publish","4":"has-post-thumbnail","6":"product_cat-promotions-2","7":"product_cat-promotions","8":"product_cat-trousses-pochettes","9":"product_tag-integre-pim","10":"product_tag-petites-dimensions","11":"product_tag-produits-en-ligne","13":"first","14":"instock","15":"sale","16":"shipping-taxable","17":"purchasable","18":"product-type-simple"},"_links":{"self":[{"href":"https:\/\/casacumbia.com\/en\/wp-json\/wp\/v2\/product\/50371","targetHints":{"allow":["GET"]}}],"collection":[{"href":"https:\/\/casacumbia.com\/en\/wp-json\/wp\/v2\/product"}],"about":[{"href":"https:\/\/casacumbia.com\/en\/wp-json\/wp\/v2\/types\/product"}],"replies":[{"embeddable":true,"href":"https:\/\/casacumbia.com\/en\/wp-json\/wp\/v2\/comments?post=50371"}],"version-history":[{"count":1,"href":"https:\/\/casacumbia.com\/en\/wp-json\/wp\/v2\/product\/50371\/revisions"}],"predecessor-version":[{"id":53359,"href":"https:\/\/casacumbia.com\/en\/wp-json\/wp\/v2\/product\/50371\/revisions\/53359"}],"wp:featuredmedia":[{"embeddable":true,"href":"https:\/\/casacumbia.com\/en\/wp-json\/wp\/v2\/media\/34479"}],"wp:attachment":[{"href":"https:\/\/casacumbia.com\/en\/wp-json\/wp\/v2\/media?parent=50371"}],"wp:term":[{"taxonomy":"product_brand","embeddable":true,"href":"https:\/\/casacumbia.com\/en\/wp-json\/wp\/v2\/product_brand?post=50371"},{"taxonomy":"product_cat","embeddable":true,"href":"https:\/\/casacumbia.com\/en\/wp-json\/wp\/v2\/product_cat?post=50371"},{"taxonomy":"product_tag","embeddable":true,"href":"https:\/\/casacumbia.com\/en\/wp-json\/wp\/v2\/product_tag?post=50371"}],"curies":[{"name":"wp","href":"https:\/\/api.w.org\/{rel}","templated":true}]}}