{"id":50369,"date":"2025-07-20T18:22:23","date_gmt":"2025-07-20T16:22:23","guid":{"rendered":"https:\/\/casacumbia.com\/product\/lunch-bag-en-neoprene-motif-citrons-sicile\/"},"modified":"2025-09-21T15:15:09","modified_gmt":"2025-09-21T13:15:09","slug":"lunch-bag-en-neoprene-motif-citrons-sicile","status":"publish","type":"product","link":"https:\/\/casacumbia.com\/en\/produit\/lunch-bag-en-neoprene-motif-citrons-sicile\/","title":{"rendered":"Sac isotherme n\u00e9opr\u00e8ne Citrons SICILE"},"content":{"rendered":"<p>Une collection o\u00f9 les citrons, les azulejos et le charme c\u00f4tier italien brillent. Une collection l\u00e9g\u00e8re et vibrante qui apporte l&#8217;\u00e9t\u00e9 m\u00e9diterran\u00e9en partout o\u00f9 vous allez. <\/p>\n","protected":false},"excerpt":{"rendered":"<p>Une collection o\u00f9 les citrons, les azulejos et le charme c\u00f4tier italien brillent. Une collection l\u00e9g\u00e8re et vibrante qui apporte<\/p>\n","protected":false},"featured_media":34485,"comment_status":"closed","ping_status":"closed","template":"","meta":[],"product_brand":[],"product_cat":[305,204],"product_tag":[181,176,166],"class_list":{"0":"post-50369","1":"product","2":"type-product","3":"status-publish","4":"has-post-thumbnail","6":"product_cat-accessoires-sacs-tote-bags","7":"product_cat-promotions-2","8":"product_tag-integre-pim","9":"product_tag-petites-dimensions","10":"product_tag-produits-en-ligne","12":"first","13":"instock","14":"sale","15":"shipping-taxable","16":"purchasable","17":"product-type-simple"},"_links":{"self":[{"href":"https:\/\/casacumbia.com\/en\/wp-json\/wp\/v2\/product\/50369","targetHints":{"allow":["GET"]}}],"collection":[{"href":"https:\/\/casacumbia.com\/en\/wp-json\/wp\/v2\/product"}],"about":[{"href":"https:\/\/casacumbia.com\/en\/wp-json\/wp\/v2\/types\/product"}],"replies":[{"embeddable":true,"href":"https:\/\/casacumbia.com\/en\/wp-json\/wp\/v2\/comments?post=50369"}],"version-history":[{"count":1,"href":"https:\/\/casacumbia.com\/en\/wp-json\/wp\/v2\/product\/50369\/revisions"}],"predecessor-version":[{"id":53357,"href":"https:\/\/casacumbia.com\/en\/wp-json\/wp\/v2\/product\/50369\/revisions\/53357"}],"wp:featuredmedia":[{"embeddable":true,"href":"https:\/\/casacumbia.com\/en\/wp-json\/wp\/v2\/media\/34485"}],"wp:attachment":[{"href":"https:\/\/casacumbia.com\/en\/wp-json\/wp\/v2\/media?parent=50369"}],"wp:term":[{"taxonomy":"product_brand","embeddable":true,"href":"https:\/\/casacumbia.com\/en\/wp-json\/wp\/v2\/product_brand?post=50369"},{"taxonomy":"product_cat","embeddable":true,"href":"https:\/\/casacumbia.com\/en\/wp-json\/wp\/v2\/product_cat?post=50369"},{"taxonomy":"product_tag","embeddable":true,"href":"https:\/\/casacumbia.com\/en\/wp-json\/wp\/v2\/product_tag?post=50369"}],"curies":[{"name":"wp","href":"https:\/\/api.w.org\/{rel}","templated":true}]}}