{"id":50366,"date":"2025-07-20T18:22:23","date_gmt":"2025-07-20T16:22:23","guid":{"rendered":"https:\/\/casacumbia.com\/product\/cahier-a-couverture-rigide-ligne-maisons-a5-village\/"},"modified":"2025-09-21T15:15:09","modified_gmt":"2025-09-21T13:15:09","slug":"cahier-a-couverture-rigide-ligne-maisons-a5-village","status":"publish","type":"product","link":"https:\/\/casacumbia.com\/en\/produit\/cahier-a-couverture-rigide-ligne-maisons-a5-village\/","title":{"rendered":"Carnet Couverture Rigide Lign\u00e9 Maisons A5 VILLAGE"},"content":{"rendered":"<p>Cette ligne exclusive d&#8217;accessoires personnels housse d&#8217;ordinateur portable, carnet et trousse est un hommage nostalgique et festif \u00e0 nos collections pass\u00e9es, capturant l&#8217;essence et la magie qui ont rendu chacune d&#8217;elles sp\u00e9ciale.<br \/> Cette collection est con\u00e7ue pour ceux qui appr\u00e9cient notre design et nos fid\u00e8les adeptes, qui ont suivi notre parcours au fil des ann\u00e9es et qui font de nous une lovebrand.<br \/> Parfaits pour offrir \u00e0 No\u00ebl, ils sont plus que de simples accessoires, ils sont une c\u00e9l\u00e9bration de notre pass\u00e9, une offrande de gratitude pour le pr\u00e9sent et une promesse de collections plus enchanteresses \u00e0 l&#8217;avenir.<\/p>\n","protected":false},"excerpt":{"rendered":"<p>Cette ligne exclusive d&#8217;accessoires personnels housse d&#8217;ordinateur portable, carnet et trousse est un hommage nostalgique et festif \u00e0 nos collections<\/p>\n","protected":false},"featured_media":34468,"comment_status":"closed","ping_status":"closed","template":"","meta":[],"product_brand":[],"product_cat":[240,204],"product_tag":[181,176,166],"class_list":{"0":"post-50366","1":"product","2":"type-product","3":"status-publish","4":"has-post-thumbnail","6":"product_cat-plaids","7":"product_cat-promotions-2","8":"product_tag-integre-pim","9":"product_tag-petites-dimensions","10":"product_tag-produits-en-ligne","12":"first","13":"instock","14":"sale","15":"shipping-taxable","16":"purchasable","17":"product-type-simple"},"_links":{"self":[{"href":"https:\/\/casacumbia.com\/en\/wp-json\/wp\/v2\/product\/50366","targetHints":{"allow":["GET"]}}],"collection":[{"href":"https:\/\/casacumbia.com\/en\/wp-json\/wp\/v2\/product"}],"about":[{"href":"https:\/\/casacumbia.com\/en\/wp-json\/wp\/v2\/types\/product"}],"replies":[{"embeddable":true,"href":"https:\/\/casacumbia.com\/en\/wp-json\/wp\/v2\/comments?post=50366"}],"version-history":[{"count":1,"href":"https:\/\/casacumbia.com\/en\/wp-json\/wp\/v2\/product\/50366\/revisions"}],"predecessor-version":[{"id":53363,"href":"https:\/\/casacumbia.com\/en\/wp-json\/wp\/v2\/product\/50366\/revisions\/53363"}],"wp:featuredmedia":[{"embeddable":true,"href":"https:\/\/casacumbia.com\/en\/wp-json\/wp\/v2\/media\/34468"}],"wp:attachment":[{"href":"https:\/\/casacumbia.com\/en\/wp-json\/wp\/v2\/media?parent=50366"}],"wp:term":[{"taxonomy":"product_brand","embeddable":true,"href":"https:\/\/casacumbia.com\/en\/wp-json\/wp\/v2\/product_brand?post=50366"},{"taxonomy":"product_cat","embeddable":true,"href":"https:\/\/casacumbia.com\/en\/wp-json\/wp\/v2\/product_cat?post=50366"},{"taxonomy":"product_tag","embeddable":true,"href":"https:\/\/casacumbia.com\/en\/wp-json\/wp\/v2\/product_tag?post=50366"}],"curies":[{"name":"wp","href":"https:\/\/api.w.org\/{rel}","templated":true}]}}