{"id":50361,"date":"2025-07-20T18:22:24","date_gmt":"2025-07-20T16:22:24","guid":{"rendered":"https:\/\/casacumbia.com\/product\/housse-pour-ordinateur-portable-en-neoprene-fleurs-garden-memories\/"},"modified":"2025-09-21T15:15:07","modified_gmt":"2025-09-21T13:15:07","slug":"housse-pour-ordinateur-portable-en-neoprene-fleurs-garden-memories","status":"publish","type":"product","link":"https:\/\/casacumbia.com\/en\/produit\/housse-pour-ordinateur-portable-en-neoprene-fleurs-garden-memories\/","title":{"rendered":"Housse pour Ordinateur Portable N\u00e9opr\u00e8ne Fleurs GARDEN MEMORIES"},"content":{"rendered":"<p>Des fleurs et fruits sauvages peints \u00e0 la main \u00e0 l&#8217;aquarelle sont le th\u00e8me de cette collection, parfaitement int\u00e9gr\u00e9e dans la tendance 2024 \u00ab HERITAGE \u00bb, o\u00f9 les motifs floraux botaniques sont illumin\u00e9s par le soleil et inspirent une esth\u00e9tique romantique pour la saison. <br \/>Une fleur sauvage pousse naturellement dans son habitat, sans aucune intervention humaine, montrant un grand pouvoir d&#8217;adaptabilit\u00e9, de r\u00e9sistance et de force.<br \/>Ces plantes font partie de notre r\u00e9pertoire visuel depuis l&#8217;enfance, et nous ram\u00e8nent \u00e0 nos souvenirs affectifs.<\/p>\n","protected":false},"excerpt":{"rendered":"<p>Des fleurs et fruits sauvages peints \u00e0 la main \u00e0 l&#8217;aquarelle sont le th\u00e8me de cette collection, parfaitement int\u00e9gr\u00e9e dans<\/p>\n","protected":false},"featured_media":34515,"comment_status":"closed","ping_status":"closed","template":"","meta":[],"product_brand":[],"product_cat":[204,312],"product_tag":[181,176,166],"class_list":{"0":"post-50361","1":"product","2":"type-product","3":"status-publish","4":"has-post-thumbnail","6":"product_cat-promotions-2","7":"product_cat-trousses-pochettes","8":"product_tag-integre-pim","9":"product_tag-petites-dimensions","10":"product_tag-produits-en-ligne","12":"first","13":"instock","14":"sale","15":"shipping-taxable","16":"purchasable","17":"product-type-simple"},"_links":{"self":[{"href":"https:\/\/casacumbia.com\/en\/wp-json\/wp\/v2\/product\/50361","targetHints":{"allow":["GET"]}}],"collection":[{"href":"https:\/\/casacumbia.com\/en\/wp-json\/wp\/v2\/product"}],"about":[{"href":"https:\/\/casacumbia.com\/en\/wp-json\/wp\/v2\/types\/product"}],"replies":[{"embeddable":true,"href":"https:\/\/casacumbia.com\/en\/wp-json\/wp\/v2\/comments?post=50361"}],"version-history":[{"count":1,"href":"https:\/\/casacumbia.com\/en\/wp-json\/wp\/v2\/product\/50361\/revisions"}],"predecessor-version":[{"id":52314,"href":"https:\/\/casacumbia.com\/en\/wp-json\/wp\/v2\/product\/50361\/revisions\/52314"}],"wp:featuredmedia":[{"embeddable":true,"href":"https:\/\/casacumbia.com\/en\/wp-json\/wp\/v2\/media\/34515"}],"wp:attachment":[{"href":"https:\/\/casacumbia.com\/en\/wp-json\/wp\/v2\/media?parent=50361"}],"wp:term":[{"taxonomy":"product_brand","embeddable":true,"href":"https:\/\/casacumbia.com\/en\/wp-json\/wp\/v2\/product_brand?post=50361"},{"taxonomy":"product_cat","embeddable":true,"href":"https:\/\/casacumbia.com\/en\/wp-json\/wp\/v2\/product_cat?post=50361"},{"taxonomy":"product_tag","embeddable":true,"href":"https:\/\/casacumbia.com\/en\/wp-json\/wp\/v2\/product_tag?post=50361"}],"curies":[{"name":"wp","href":"https:\/\/api.w.org\/{rel}","templated":true}]}}