{"id":50359,"date":"2025-07-20T18:22:24","date_gmt":"2025-07-20T16:22:24","guid":{"rendered":"https:\/\/casacumbia.com\/product\/cahier-a-couverture-rigide-ligne-chats-a5-cat-in-the-city\/"},"modified":"2025-09-21T15:15:07","modified_gmt":"2025-09-21T13:15:07","slug":"cahier-a-couverture-rigide-ligne-chats-a5-cat-in-the-city","status":"publish","type":"product","link":"https:\/\/casacumbia.com\/en\/produit\/cahier-a-couverture-rigide-ligne-chats-a5-cat-in-the-city\/","title":{"rendered":"Carnet Couverture Rigide Lign\u00e9 Chats A5 CAT IN THE CITY"},"content":{"rendered":"<p><span data-sheets-root=\"1\">Inspir\u00e9e par la vie urbaine vibrante, la collection pr\u00e9sente un motif multifacette et dynamique qui donne forme \u00e0 une ville jeune et irr\u00e9v\u00e9rencieuse, remplie de couleurs vives. Dans ce d\u00e9cor surgissent quatre chats de couleurs diff\u00e9rentes, qui se prom\u00e8nent dans la ville avec leur air myst\u00e9rieux.  <br \/>Le Rouge, \u00e9nergique et passionn\u00e9, le Jaune, d\u00e9contract\u00e9 et optimiste, le Turquoise, sage et cr\u00e9atif et le Bleu Fonc\u00e9, sophistiqu\u00e9 et \u00e9l\u00e9gant &#8211; chacun d&#8217;eux refl\u00e8te une personnalit\u00e9 unique.<\/span><\/p>\n","protected":false},"excerpt":{"rendered":"<p>Inspir\u00e9e par la vie urbaine vibrante, la collection pr\u00e9sente un motif multifacette et dynamique qui donne forme \u00e0 une ville<\/p>\n","protected":false},"featured_media":34545,"comment_status":"closed","ping_status":"closed","template":"","meta":[],"product_brand":[],"product_cat":[185,240,204],"product_tag":[181,176,166],"class_list":{"0":"post-50359","1":"product","2":"type-product","3":"status-publish","4":"has-post-thumbnail","6":"product_cat-pet-2","7":"product_cat-plaids","8":"product_cat-promotions-2","9":"product_tag-integre-pim","10":"product_tag-petites-dimensions","11":"product_tag-produits-en-ligne","13":"first","14":"instock","15":"sale","16":"shipping-taxable","17":"purchasable","18":"product-type-simple"},"_links":{"self":[{"href":"https:\/\/casacumbia.com\/en\/wp-json\/wp\/v2\/product\/50359","targetHints":{"allow":["GET"]}}],"collection":[{"href":"https:\/\/casacumbia.com\/en\/wp-json\/wp\/v2\/product"}],"about":[{"href":"https:\/\/casacumbia.com\/en\/wp-json\/wp\/v2\/types\/product"}],"replies":[{"embeddable":true,"href":"https:\/\/casacumbia.com\/en\/wp-json\/wp\/v2\/comments?post=50359"}],"version-history":[{"count":1,"href":"https:\/\/casacumbia.com\/en\/wp-json\/wp\/v2\/product\/50359\/revisions"}],"predecessor-version":[{"id":53384,"href":"https:\/\/casacumbia.com\/en\/wp-json\/wp\/v2\/product\/50359\/revisions\/53384"}],"wp:featuredmedia":[{"embeddable":true,"href":"https:\/\/casacumbia.com\/en\/wp-json\/wp\/v2\/media\/34545"}],"wp:attachment":[{"href":"https:\/\/casacumbia.com\/en\/wp-json\/wp\/v2\/media?parent=50359"}],"wp:term":[{"taxonomy":"product_brand","embeddable":true,"href":"https:\/\/casacumbia.com\/en\/wp-json\/wp\/v2\/product_brand?post=50359"},{"taxonomy":"product_cat","embeddable":true,"href":"https:\/\/casacumbia.com\/en\/wp-json\/wp\/v2\/product_cat?post=50359"},{"taxonomy":"product_tag","embeddable":true,"href":"https:\/\/casacumbia.com\/en\/wp-json\/wp\/v2\/product_tag?post=50359"}],"curies":[{"name":"wp","href":"https:\/\/api.w.org\/{rel}","templated":true}]}}